{"id":21707,"date":"2023-12-01T19:08:41","date_gmt":"2023-12-01T18:08:41","guid":{"rendered":"https:\/\/www.entreculturas.org\/fundacion-jorge-santafe-maibach\/"},"modified":"2024-02-26T08:56:22","modified_gmt":"2024-02-26T07:56:22","slug":"fundacion-jorge-santafe-maibach","status":"publish","type":"page","link":"https:\/\/www.entreculturas.org\/gl\/fundacion-jorge-santafe-maibach\/","title":{"rendered":"Fundaci\u00f3n Jorge Santaf\u00e9 Maibach"},"content":{"rendered":"\n<div class=\"wp-block-group has-global-padding is-layout-constrained wp-container-core-group-is-layout-f5122dc4 wp-block-group-is-layout-constrained\" style=\"margin-top:var(--wp--preset--spacing--40);margin-bottom:var(--wp--preset--spacing--40);padding-right:20px;padding-left:20px\"><h2 class=\"wp-block-post-title\">Fundaci\u00f3n Jorge Santaf\u00e9 Maibach<\/h2>\n\n\n<div class=\"wp-block-group has-white-background-color has-background has-global-padding is-layout-constrained wp-container-core-group-is-layout-311daefe wp-block-group-is-layout-constrained\" style=\"border-radius:15px;padding-top:0;padding-right:20px;padding-bottom:0;padding-left:0px\">\n<figure class=\"wp-block-image size-full is-resized has-custom-border\"><img loading=\"lazy\" decoding=\"async\" width=\"1000\" height=\"340\" src=\"https:\/\/www.entreculturas.org\/wp-content\/uploads\/2023\/12\/banner_fundacion_jorge_santafe_1000px.jpg\" alt=\"\" class=\"wp-image-8801\" style=\"border-radius:15px;width:1228px\" srcset=\"https:\/\/www.entreculturas.org\/wp-content\/uploads\/2023\/12\/banner_fundacion_jorge_santafe_1000px.jpg 1000w, https:\/\/www.entreculturas.org\/wp-content\/uploads\/2023\/12\/banner_fundacion_jorge_santafe_1000px-300x102.jpg 300w, https:\/\/www.entreculturas.org\/wp-content\/uploads\/2023\/12\/banner_fundacion_jorge_santafe_1000px-768x261.jpg 768w\" sizes=\"auto, (max-width: 1000px) 100vw, 1000px\" \/><\/figure>\n<\/div>\n<\/div>\n\n<div class=\"wp-block-group has-global-padding is-layout-constrained wp-container-core-group-is-layout-706d84e7 wp-block-group-is-layout-constrained\" style=\"margin-top:var(--wp--preset--spacing--40);margin-bottom:var(--wp--preset--spacing--40);padding-right:20px;padding-left:20px\">\n<p>O<strong>  A Fundaci\u00f3n Jorge Santaf\u00e9 Maibach creouse o 27 de xu\u00f1o de 2002 co af\u00e1n de manter a presenza e a memoria de Jorge Santaf\u00e9 na vida da s\u00faa familia e amigos.<\/strong>  A finalidade social da Fundaci\u00f3n \u00e9 apoiar a construci\u00f3n de escolas para axudar aos m\u00e1is desfavorecidos a sa\u00edr da pobreza as\u00ed como outros proxectos coa mesma finalidade.  <\/p>\n\n\n\n<p>Desde 2020, a Fundaci\u00f3n Santaf\u00e9 Maibach colabora con Entreculturas en proxectos de construci\u00f3n de distinta natureza.  <strong>Ata o momento, esta colaboraci\u00f3n dirixiuse a proxectos en Chad e Malawi:<\/strong><\/p>\n\n\n\n<p><strong>En Chad, xunto con Fe y Alegr\u00eda Chad<\/strong>, a mellora da formaci\u00f3n t\u00e9cnica da poboaci\u00f3n vulnerable foi apoiada no Centro de Formaci\u00f3n T\u00e9cnica e Profesional (CFTP) de N&#8217;Djamena, mediante a construci\u00f3n da segunda planta que alberga d\u00faas aulas, unha aula de inform\u00e1tica, tres despachos para profesorado e persoal administrativo. e tres aseos.<\/p>\n\n\n\n<p><strong>En Malawi traballamos xunto co JRS, Xesuit Refugee Service<\/strong>, garantindo as infraestruturas b\u00e1sicas necesarias para ofrecer unha educaci\u00f3n de calidade na escola primaria Umodzi Katubza, no campo de refuxiados de Dzaleka, aos nenos e nenas v\u00edtimas da violencia na Rep\u00fablica Democr\u00e1tica do Congo e da inseguridade doutros pa\u00edses como Burundi ou Somalia. O apoio da Fundaci\u00f3n Santaf\u00e9 permitiu a construci\u00f3n dun novo bloque de d\u00faas aulas, para acoller a 100 novos alumnos, e a construci\u00f3n do valado para facer da escola un espazo seguro para nenas, nenos e profesores.<\/p>\n\n\n\n<p>Actualmente, estamos a traballar en novos proxectos nos que centraremos os nosos esforzos nos pr\u00f3ximos meses.  <\/p>\n<\/div>\n\n<div class=\"wp-block-group has-global-padding is-layout-constrained wp-container-core-group-is-layout-70b5dabc wp-block-group-is-layout-constrained\" style=\"padding-right:20px;padding-left:20px\">\n<p style=\"margin-bottom:var(--wp--preset--spacing--40)\"><strong>Descargas relacionadas<\/strong> :<\/p>\n\n\n\n<a href=\"https:\/\/www.entreculturas.org\/wp-content\/uploads\/2023\/12\/informe_proyecto_final_malawi_fundacion_jorge_santafe.pdf\" target=\"_blank\" style=\"text-decoration:none;color:#2e2d2c\" rel=\"noopener\">\n<\/a>\n\n\n<div class=\"wp-block-columns is-not-stacked-on-mobile has-white-background-color has-background is-layout-flex wp-container-core-columns-is-layout-51bb7143 wp-block-columns-is-layout-flex\" style=\"border-radius:10px;margin-top:0;margin-bottom:var(--wp--preset--spacing--50);padding-top:var(--wp--preset--spacing--40);padding-right:var(--wp--preset--spacing--40);padding-bottom:var(--wp--preset--spacing--40);padding-left:var(--wp--preset--spacing--40)\">\n<div class=\"wp-block-column flex-basis-download-icon-unete-equipo is-layout-flow wp-block-column-is-layout-flow\" style=\"flex-basis:4%\">\n<figure class=\"wp-block-image size-full\"><img decoding=\"async\" src=\"https:\/\/www.entreculturas.org\/wp-content\/uploads\/2023\/09\/download.svg\" alt=\"\" class=\"wp-image-1048\"\/><\/figure>\n<\/div>\n\n\n\n<div class=\"wp-block-column is-layout-flow wp-block-column-is-layout-flow\" style=\"flex-basis:96%\">\n<p class=\"qs-margin-left-corazones\"><strong><strong>Informe final do proxecto de Malawi<\/strong><\/strong><\/p>\n<\/div>\n<\/div>\n\n\n\n\n\n\n\n<a href=\"https:\/\/www.entreculturas.org\/wp-content\/uploads\/2023\/12\/informe_proyecto_final_chad_fundacion_jorge_santafe.pdf\" target=\"_blank\" style=\"text-decoration:none;color:#2e2d2c\" rel=\"noopener\">\n<\/a>\n\n\n<div class=\"wp-block-columns is-not-stacked-on-mobile has-white-background-color has-background is-layout-flex wp-container-core-columns-is-layout-51bb7143 wp-block-columns-is-layout-flex\" style=\"border-radius:10px;margin-top:0;margin-bottom:var(--wp--preset--spacing--50);padding-top:var(--wp--preset--spacing--40);padding-right:var(--wp--preset--spacing--40);padding-bottom:var(--wp--preset--spacing--40);padding-left:var(--wp--preset--spacing--40)\">\n<div class=\"wp-block-column flex-basis-download-icon-unete-equipo is-layout-flow wp-block-column-is-layout-flow\" style=\"flex-basis:4%\">\n<figure class=\"wp-block-image size-full\"><img decoding=\"async\" src=\"https:\/\/www.entreculturas.org\/wp-content\/uploads\/2023\/09\/download.svg\" alt=\"\" class=\"wp-image-1048\"\/><\/figure>\n<\/div>\n\n\n\n<div class=\"wp-block-column is-layout-flow wp-block-column-is-layout-flow\" style=\"flex-basis:96%\">\n<p class=\"qs-margin-left-corazones\"><strong><strong>Informe final do proxecto Chad<\/strong><\/strong><\/p>\n<\/div>\n<\/div>\n\n\n\n\n<\/div>\n\n<div class=\"wp-block-group has-global-padding is-layout-constrained wp-container-core-group-is-layout-5acd9bea wp-block-group-is-layout-constrained\" style=\"margin-bottom:var(--wp--preset--spacing--70);padding-right:20px;padding-left:20px\">\n<section class=\"accordion__block\"><input type=\"checkbox\" id=\"9w2hpz4vdja0kud0djhxcv\" class=\"accordion__checkbox\"\/><label for=\"9w2hpz4vdja0kud0djhxcv\" class=\"wp-block-theme-blocks-newsletter has-white-color has-red-background-color has-text-color has-background\"><p>Queres recibir informaci\u00f3n?<\/p><a class=\"wp-block-button__link has-white-color has-red-background-color has-text-color has-background has-border-color has-white-border-color wp-element-button\" style=\"border-width:2px\">Subscr\u00edbete ao bolet\u00edn<\/a><\/label><div class=\"accordion__content\">\n<div class=\"wp-block-group has-global-padding is-layout-constrained wp-container-core-group-is-layout-98a4a1e3 wp-block-group-is-layout-constrained\" style=\"margin-top:0;margin-bottom:var(--wp--preset--spacing--80)\">\n<div class=\"wp-block-group has-white-background-color has-background has-global-padding is-layout-constrained wp-block-group-is-layout-constrained\">\n<h2 class=\"wp-block-heading has-text-align-center font-size-20\" id=\"h-subscribete-ao-boletin\">Subscr\u00edbete ao bolet\u00edn<\/h2>\n\n\n\n<div class=\"wp-block-group block-contacto is-content-justification-left is-nowrap is-layout-flex wp-container-core-group-is-layout-d8ee05ca wp-block-group-is-layout-flex\" style=\"padding-right:var(--wp--preset--spacing--70);padding-left:var(--wp--preset--spacing--70)\">\n<div class=\"wp-block-group has-global-padding is-layout-constrained wp-block-group-is-layout-constrained block-visibility-hide-medium-screen block-visibility-hide-small-screen\" style=\"padding-top:var(--wp--preset--spacing--50);padding-bottom:var(--wp--preset--spacing--50)\">\n<figure class=\"wp-block-image size-large has-custom-border wp-container-content-b99e70a5 block-visibility-hide-medium-screen block-visibility-hide-small-screen\"><img loading=\"lazy\" decoding=\"async\" width=\"1024\" height=\"683\" src=\"https:\/\/www.entreculturas.org\/wp-content\/uploads\/2024\/10\/Cuzco-FyA21-41-1024x683.jpg\" alt=\"\" class=\"wp-image-34482\" style=\"border-radius:12px\" srcset=\"https:\/\/www.entreculturas.org\/wp-content\/uploads\/2024\/10\/Cuzco-FyA21-41-1024x683.jpg 1024w, https:\/\/www.entreculturas.org\/wp-content\/uploads\/2024\/10\/Cuzco-FyA21-41-300x200.jpg 300w, https:\/\/www.entreculturas.org\/wp-content\/uploads\/2024\/10\/Cuzco-FyA21-41-768x512.jpg 768w, https:\/\/www.entreculturas.org\/wp-content\/uploads\/2024\/10\/Cuzco-FyA21-41-1536x1024.jpg 1536w, https:\/\/www.entreculturas.org\/wp-content\/uploads\/2024\/10\/Cuzco-FyA21-41-2048x1365.jpg 2048w\" sizes=\"auto, (max-width: 1024px) 100vw, 1024px\" \/><\/figure>\n<\/div>\n\n\n\n<form style=\"padding-top:var(--wp--preset--spacing--60);padding-right:0;padding-bottom:var(--wp--preset--spacing--60);padding-left:0\" class=\"wp-block-theme-blocks-custom-form wp-container-content-a5fc19f1\" id=\"custom_form\" action=\"\/wp-admin\/admin-post.php?action=custom_form\" method=\"post\"><input type=\"hidden\" name=\"g-recaptcha-response\" id=\"g-recaptcha-response\" value=\"\"\/><input type=\"hidden\" name=\"thanks_page\" value=\"\/thank-you-page\"\/><input type=\"hidden\" name=\"groups[]\" value=\"eBoletin y Campa\u00f1as\"\/>\n<p>Se desexa recibir o noso bolet\u00edn informativo mensual e correos electr\u00f3nicos ocasionais nos que lle ofrecemos informaci\u00f3n, complete este formulario. Rexistrar\u00e9molo inmediatamente na nosa base de datos e poder\u00e1 manterse ao d\u00eda de todas as novidades.<\/p>\n\n\n\n<input type=\"hidden\" name=\"form_type\" value=\"3\"\/>\n\n\n\n<div class=\"input-container\"><label>Nome *<\/label><input type=\"text\" name=\"first_name\"\/><\/div>\n\n\n\n<div class=\"input-container\"><label>Apelidos<\/label><input type=\"text\" name=\"last_name\"\/><\/div>\n\n\n\n<div class=\"input-container\"><label>Correo electr\u00f3nico *<\/label><input type=\"email\" name=\"email\" required\/><\/div>\n\n\n\n<label class=\"acceptance\"><input type=\"checkbox\" required\/><span>Acepto la <a href=\"https:\/\/www.entreculturas.org\/es\/privacidad-entreculturas\" data-type=\"link\" data-id=\"https:\/\/www.entreculturas.org\/es\/privacidad-entreculturas\" target=\"_blank\" rel=\"noreferrer noopener\">Pol\u00edtica de Privacidade<\/a> *<\/span><\/label>\n\n\n\n<p style=\"font-size:12px !important\">\n    Desde ENTRECULTURES FE I ALEGRIA ESPANYA trataremos os datos facilitados como Responsables do tratamento coa finalidade de&#8230;    \n    <a href=\"javascript:void(0);\" id=\"read-more-link\">Seguir leyendo<\/a>.\n<\/p>\n<p class=\"hidden\" id=\"read-more\" style=\"display: none;font-size: 12px;\">\n&#8230;enviarlle o noso bolet\u00edn informativo mensual e informaci\u00f3n espec\u00edfica sobre as nosas acci\u00f3ns e campa\u00f1as, en favor dos nosos obxectivos fundacionais, baseadas no consentimento ou na execuci\u00f3n dun acordo. Pode exercer os seus dereitos enviando un correo electr\u00f3nico a datos@entreculturas.org co asunto &#8220;Protecci\u00f3n de datos&#8221;\n<\/p>\n\n\n\n<script>\ndocument.addEventListener('DOMContentLoaded', function() {\n    document.getElementById('read-more-link').addEventListener('click', function() {\n        var readMoreContent = document.getElementById('read-more');\n        readMoreContent.style.display = 'block !important'; \/\/ Intenta sobrescribir con !important\n\n        \/\/ Si el m\u00e9todo anterior no funciona, utiliza setAttribute\n        if (readMoreContent.style.display !== 'block') {\n            readMoreContent.setAttribute('style', 'display: block !important; font-size: 12px;');\n        } else {\n            \/\/ Si ya est\u00e1 en 'block', solo ajusta el tama\u00f1o de fuente\n            readMoreContent.style.fontSize = '12px';\n        }\n\n        this.style.display = 'none'; \/\/ Opcional: oculta el enlace de \"Seguir leyendo\"\n    });\n});\n<\/script>\n\n\n\n<p class=\"hidden\" id=\"read-more\" style=\"font-size:12px\">Desde ENTRECULTURAS FE Y ALEGR\u00cdA ESPA\u00d1A trataremos los datos aportados en calidad de Responsable del tratamiento con la finalidad de gestionar nuestra relaci\u00f3n contigo, en pro de nuestros objetivos fundacionales, en base al consentimiento o a la ejecuci\u00f3n de un acuerdo. Puedes ejercer tus derechos enviando un email a&nbsp;rgpd@entreculturas.org con el asunto \u201cProtecci\u00f3n de Datos\u201d.<\/p>\n\n\n\n<div class=\"wp-block-group width-70-contacto justify-center-768 is-content-justification-right is-nowrap is-layout-flex wp-container-core-group-is-layout-17124a9a wp-block-group-is-layout-flex\">\n<button class=\"wp-block-button__link wp-element-button\">Subscr\u00edbete<\/button>\n<\/div>\n<\/form>\n<\/div>\n<\/div>\n<\/div>\n<\/div><\/section>\n<\/div>\n","protected":false},"excerpt":{"rendered":"<p>O A Fundaci\u00f3n Jorge Santaf\u00e9 Maibach creouse o 27 de xu\u00f1o de 2002 co af\u00e1n de manter a presenza e a memoria de Jorge Santaf\u00e9 na vida da s\u00faa familia e amigos. A finalidade social da Fundaci\u00f3n \u00e9 apoiar a construci\u00f3n de escolas para axudar aos m\u00e1is desfavorecidos a sa\u00edr da pobreza as\u00ed como outros proxectos coa mesma finalidade. Desde 2020, a Fundaci\u00f3n Santaf\u00e9 Maibach colabora con Entreculturas en proxectos de construci\u00f3n de distinta natureza. Ata o momento, esta colaboraci\u00f3n dirixiuse a proxectos en Chad e Malawi: En Chad, xunto con Fe y Alegr\u00eda Chad, a mellora da formaci\u00f3n t\u00e9cnica da poboaci\u00f3n vulnerable foi apoiada no Centro de Formaci\u00f3n T\u00e9cnica e Profesional (CFTP) de N&#8217;Djamena, mediante a construci\u00f3n da segunda planta que alberga d\u00faas aulas, unha aula de inform\u00e1tica, tres despachos para profesorado e persoal administrativo. e tres aseos. En Malawi traballamos xunto co JRS, Xesuit Refugee Service, garantindo as [&hellip;]<\/p>\n","protected":false},"author":1,"featured_media":0,"parent":0,"menu_order":0,"comment_status":"closed","ping_status":"closed","template":"","meta":{"_acf_changed":false,"footnotes":""},"class_list":["post-21707","page","type-page","status-publish","hentry"],"acf":[],"yoast_head":"<!-- This site is optimized with the Yoast SEO Premium plugin v21.6 (Yoast SEO v27.6) - https:\/\/yoast.com\/product\/yoast-seo-premium-wordpress\/ -->\n<title>Fundaci\u00f3n Jorge Santaf\u00e9 Maibach - Entreculturas<\/title>\n<meta name=\"robots\" content=\"index, follow, max-snippet:-1, max-image-preview:large, max-video-preview:-1\" \/>\n<link rel=\"canonical\" href=\"https:\/\/www.entreculturas.org\/gl\/fundacion-jorge-santafe-maibach\/\" \/>\n<meta property=\"og:locale\" content=\"gl_ES\" \/>\n<meta property=\"og:type\" content=\"article\" \/>\n<meta property=\"og:title\" content=\"Fundaci\u00f3n Jorge Santaf\u00e9 Maibach\" \/>\n<meta property=\"og:description\" content=\"O A Fundaci\u00f3n Jorge Santaf\u00e9 Maibach creouse o 27 de xu\u00f1o de 2002 co af\u00e1n de manter a presenza e a memoria de Jorge Santaf\u00e9 na vida da s\u00faa familia e amigos. A finalidade social da Fundaci\u00f3n \u00e9 apoiar a construci\u00f3n de escolas para axudar aos m\u00e1is desfavorecidos a sa\u00edr da pobreza as\u00ed como outros proxectos coa mesma finalidade. Desde 2020, a Fundaci\u00f3n Santaf\u00e9 Maibach colabora con Entreculturas en proxectos de construci\u00f3n de distinta natureza. Ata o momento, esta colaboraci\u00f3n dirixiuse a proxectos en Chad e Malawi: En Chad, xunto con Fe y Alegr\u00eda Chad, a mellora da formaci\u00f3n t\u00e9cnica da poboaci\u00f3n vulnerable foi apoiada no Centro de Formaci\u00f3n T\u00e9cnica e Profesional (CFTP) de N&#8217;Djamena, mediante a construci\u00f3n da segunda planta que alberga d\u00faas aulas, unha aula de inform\u00e1tica, tres despachos para profesorado e persoal administrativo. e tres aseos. En Malawi traballamos xunto co JRS, Xesuit Refugee Service, garantindo as [&hellip;]\" \/>\n<meta property=\"og:url\" content=\"https:\/\/www.entreculturas.org\/gl\/fundacion-jorge-santafe-maibach\/\" \/>\n<meta property=\"og:site_name\" content=\"Entreculturas\" \/>\n<meta property=\"article:publisher\" content=\"https:\/\/www.facebook.com\/entreculturas\" \/>\n<meta property=\"article:modified_time\" content=\"2024-02-26T07:56:22+00:00\" \/>\n<meta property=\"og:image\" content=\"https:\/\/www.entreculturas.org\/wp-content\/uploads\/2023\/12\/banner_fundacion_jorge_santafe_1000px.jpg\" \/>\n<meta name=\"twitter:card\" content=\"summary_large_image\" \/>\n<meta name=\"twitter:site\" content=\"@Entreculturas\" \/>\n<script type=\"application\/ld+json\" class=\"yoast-schema-graph\">{\"@context\":\"https:\\\/\\\/schema.org\",\"@graph\":[{\"@type\":\"WebPage\",\"@id\":\"https:\\\/\\\/www.entreculturas.org\\\/gl\\\/fundacion-jorge-santafe-maibach\\\/\",\"url\":\"https:\\\/\\\/www.entreculturas.org\\\/gl\\\/fundacion-jorge-santafe-maibach\\\/\",\"name\":\"Fundaci\u00f3n Jorge Santaf\u00e9 Maibach - Entreculturas\",\"isPartOf\":{\"@id\":\"https:\\\/\\\/www.entreculturas.org\\\/gl\\\/#website\"},\"primaryImageOfPage\":{\"@id\":\"https:\\\/\\\/www.entreculturas.org\\\/gl\\\/fundacion-jorge-santafe-maibach\\\/#primaryimage\"},\"image\":{\"@id\":\"https:\\\/\\\/www.entreculturas.org\\\/gl\\\/fundacion-jorge-santafe-maibach\\\/#primaryimage\"},\"thumbnailUrl\":\"https:\\\/\\\/www.entreculturas.org\\\/wp-content\\\/uploads\\\/2023\\\/12\\\/banner_fundacion_jorge_santafe_1000px.jpg\",\"datePublished\":\"2023-12-01T18:08:41+00:00\",\"dateModified\":\"2024-02-26T07:56:22+00:00\",\"breadcrumb\":{\"@id\":\"https:\\\/\\\/www.entreculturas.org\\\/gl\\\/fundacion-jorge-santafe-maibach\\\/#breadcrumb\"},\"inLanguage\":\"gl-ES\",\"potentialAction\":[{\"@type\":\"ReadAction\",\"target\":[\"https:\\\/\\\/www.entreculturas.org\\\/gl\\\/fundacion-jorge-santafe-maibach\\\/\"]}]},{\"@type\":\"ImageObject\",\"inLanguage\":\"gl-ES\",\"@id\":\"https:\\\/\\\/www.entreculturas.org\\\/gl\\\/fundacion-jorge-santafe-maibach\\\/#primaryimage\",\"url\":\"https:\\\/\\\/www.entreculturas.org\\\/wp-content\\\/uploads\\\/2023\\\/12\\\/banner_fundacion_jorge_santafe_1000px.jpg\",\"contentUrl\":\"https:\\\/\\\/www.entreculturas.org\\\/wp-content\\\/uploads\\\/2023\\\/12\\\/banner_fundacion_jorge_santafe_1000px.jpg\"},{\"@type\":\"BreadcrumbList\",\"@id\":\"https:\\\/\\\/www.entreculturas.org\\\/gl\\\/fundacion-jorge-santafe-maibach\\\/#breadcrumb\",\"itemListElement\":[{\"@type\":\"ListItem\",\"position\":1,\"name\":\"Home\",\"item\":\"https:\\\/\\\/www.entreculturas.org\\\/gl\\\/\"},{\"@type\":\"ListItem\",\"position\":2,\"name\":\"Fundaci\u00f3n Jorge Santaf\u00e9 Maibach\"}]},{\"@type\":\"WebSite\",\"@id\":\"https:\\\/\\\/www.entreculturas.org\\\/gl\\\/#website\",\"url\":\"https:\\\/\\\/www.entreculturas.org\\\/gl\\\/\",\"name\":\"Entreculturas\",\"description\":\"\",\"publisher\":{\"@id\":\"https:\\\/\\\/www.entreculturas.org\\\/gl\\\/#organization\"},\"alternateName\":\"Entreculturas\",\"potentialAction\":[{\"@type\":\"SearchAction\",\"target\":{\"@type\":\"EntryPoint\",\"urlTemplate\":\"https:\\\/\\\/www.entreculturas.org\\\/gl\\\/?s={search_term_string}\"},\"query-input\":{\"@type\":\"PropertyValueSpecification\",\"valueRequired\":true,\"valueName\":\"search_term_string\"}}],\"inLanguage\":\"gl-ES\"},{\"@type\":\"Organization\",\"@id\":\"https:\\\/\\\/www.entreculturas.org\\\/gl\\\/#organization\",\"name\":\"Entreculturas\",\"url\":\"https:\\\/\\\/www.entreculturas.org\\\/gl\\\/\",\"logo\":{\"@type\":\"ImageObject\",\"inLanguage\":\"gl-ES\",\"@id\":\"https:\\\/\\\/www.entreculturas.org\\\/gl\\\/#\\\/schema\\\/logo\\\/image\\\/\",\"url\":\"https:\\\/\\\/www.entreculturas.org\\\/wp-content\\\/uploads\\\/2025\\\/10\\\/ESP.svg\",\"contentUrl\":\"https:\\\/\\\/www.entreculturas.org\\\/wp-content\\\/uploads\\\/2025\\\/10\\\/ESP.svg\",\"caption\":\"Entreculturas\"},\"image\":{\"@id\":\"https:\\\/\\\/www.entreculturas.org\\\/gl\\\/#\\\/schema\\\/logo\\\/image\\\/\"},\"sameAs\":[\"https:\\\/\\\/www.facebook.com\\\/entreculturas\",\"https:\\\/\\\/x.com\\\/Entreculturas\",\"https:\\\/\\\/www.instagram.com\\\/entreculturas\\\/\",\"https:\\\/\\\/www.youtube.com\\\/user\\\/entreculturasvideo\",\"https:\\\/\\\/www.linkedin.com\\\/company\\\/fundacion-entreculturas-ngdo\\\/\",\"https:\\\/\\\/www.flickr.com\\\/photos\\\/98455522@N04\\\/albums\\\/\"]}]}<\/script>\n<!-- \/ Yoast SEO Premium plugin. -->","yoast_head_json":{"title":"Fundaci\u00f3n Jorge Santaf\u00e9 Maibach - Entreculturas","robots":{"index":"index","follow":"follow","max-snippet":"max-snippet:-1","max-image-preview":"max-image-preview:large","max-video-preview":"max-video-preview:-1"},"canonical":"https:\/\/www.entreculturas.org\/gl\/fundacion-jorge-santafe-maibach\/","og_locale":"gl_ES","og_type":"article","og_title":"Fundaci\u00f3n Jorge Santaf\u00e9 Maibach","og_description":"O A Fundaci\u00f3n Jorge Santaf\u00e9 Maibach creouse o 27 de xu\u00f1o de 2002 co af\u00e1n de manter a presenza e a memoria de Jorge Santaf\u00e9 na vida da s\u00faa familia e amigos. A finalidade social da Fundaci\u00f3n \u00e9 apoiar a construci\u00f3n de escolas para axudar aos m\u00e1is desfavorecidos a sa\u00edr da pobreza as\u00ed como outros proxectos coa mesma finalidade. Desde 2020, a Fundaci\u00f3n Santaf\u00e9 Maibach colabora con Entreculturas en proxectos de construci\u00f3n de distinta natureza. Ata o momento, esta colaboraci\u00f3n dirixiuse a proxectos en Chad e Malawi: En Chad, xunto con Fe y Alegr\u00eda Chad, a mellora da formaci\u00f3n t\u00e9cnica da poboaci\u00f3n vulnerable foi apoiada no Centro de Formaci\u00f3n T\u00e9cnica e Profesional (CFTP) de N&#8217;Djamena, mediante a construci\u00f3n da segunda planta que alberga d\u00faas aulas, unha aula de inform\u00e1tica, tres despachos para profesorado e persoal administrativo. e tres aseos. En Malawi traballamos xunto co JRS, Xesuit Refugee Service, garantindo as [&hellip;]","og_url":"https:\/\/www.entreculturas.org\/gl\/fundacion-jorge-santafe-maibach\/","og_site_name":"Entreculturas","article_publisher":"https:\/\/www.facebook.com\/entreculturas","article_modified_time":"2024-02-26T07:56:22+00:00","og_image":[{"url":"https:\/\/www.entreculturas.org\/wp-content\/uploads\/2023\/12\/banner_fundacion_jorge_santafe_1000px.jpg","type":"","width":"","height":""}],"twitter_card":"summary_large_image","twitter_site":"@Entreculturas","schema":{"@context":"https:\/\/schema.org","@graph":[{"@type":"WebPage","@id":"https:\/\/www.entreculturas.org\/gl\/fundacion-jorge-santafe-maibach\/","url":"https:\/\/www.entreculturas.org\/gl\/fundacion-jorge-santafe-maibach\/","name":"Fundaci\u00f3n Jorge Santaf\u00e9 Maibach - Entreculturas","isPartOf":{"@id":"https:\/\/www.entreculturas.org\/gl\/#website"},"primaryImageOfPage":{"@id":"https:\/\/www.entreculturas.org\/gl\/fundacion-jorge-santafe-maibach\/#primaryimage"},"image":{"@id":"https:\/\/www.entreculturas.org\/gl\/fundacion-jorge-santafe-maibach\/#primaryimage"},"thumbnailUrl":"https:\/\/www.entreculturas.org\/wp-content\/uploads\/2023\/12\/banner_fundacion_jorge_santafe_1000px.jpg","datePublished":"2023-12-01T18:08:41+00:00","dateModified":"2024-02-26T07:56:22+00:00","breadcrumb":{"@id":"https:\/\/www.entreculturas.org\/gl\/fundacion-jorge-santafe-maibach\/#breadcrumb"},"inLanguage":"gl-ES","potentialAction":[{"@type":"ReadAction","target":["https:\/\/www.entreculturas.org\/gl\/fundacion-jorge-santafe-maibach\/"]}]},{"@type":"ImageObject","inLanguage":"gl-ES","@id":"https:\/\/www.entreculturas.org\/gl\/fundacion-jorge-santafe-maibach\/#primaryimage","url":"https:\/\/www.entreculturas.org\/wp-content\/uploads\/2023\/12\/banner_fundacion_jorge_santafe_1000px.jpg","contentUrl":"https:\/\/www.entreculturas.org\/wp-content\/uploads\/2023\/12\/banner_fundacion_jorge_santafe_1000px.jpg"},{"@type":"BreadcrumbList","@id":"https:\/\/www.entreculturas.org\/gl\/fundacion-jorge-santafe-maibach\/#breadcrumb","itemListElement":[{"@type":"ListItem","position":1,"name":"Home","item":"https:\/\/www.entreculturas.org\/gl\/"},{"@type":"ListItem","position":2,"name":"Fundaci\u00f3n Jorge Santaf\u00e9 Maibach"}]},{"@type":"WebSite","@id":"https:\/\/www.entreculturas.org\/gl\/#website","url":"https:\/\/www.entreculturas.org\/gl\/","name":"Entreculturas","description":"","publisher":{"@id":"https:\/\/www.entreculturas.org\/gl\/#organization"},"alternateName":"Entreculturas","potentialAction":[{"@type":"SearchAction","target":{"@type":"EntryPoint","urlTemplate":"https:\/\/www.entreculturas.org\/gl\/?s={search_term_string}"},"query-input":{"@type":"PropertyValueSpecification","valueRequired":true,"valueName":"search_term_string"}}],"inLanguage":"gl-ES"},{"@type":"Organization","@id":"https:\/\/www.entreculturas.org\/gl\/#organization","name":"Entreculturas","url":"https:\/\/www.entreculturas.org\/gl\/","logo":{"@type":"ImageObject","inLanguage":"gl-ES","@id":"https:\/\/www.entreculturas.org\/gl\/#\/schema\/logo\/image\/","url":"https:\/\/www.entreculturas.org\/wp-content\/uploads\/2025\/10\/ESP.svg","contentUrl":"https:\/\/www.entreculturas.org\/wp-content\/uploads\/2025\/10\/ESP.svg","caption":"Entreculturas"},"image":{"@id":"https:\/\/www.entreculturas.org\/gl\/#\/schema\/logo\/image\/"},"sameAs":["https:\/\/www.facebook.com\/entreculturas","https:\/\/x.com\/Entreculturas","https:\/\/www.instagram.com\/entreculturas\/","https:\/\/www.youtube.com\/user\/entreculturasvideo","https:\/\/www.linkedin.com\/company\/fundacion-entreculturas-ngdo\/","https:\/\/www.flickr.com\/photos\/98455522@N04\/albums\/"]}]}},"_links":{"self":[{"href":"https:\/\/www.entreculturas.org\/gl\/wp-json\/wp\/v2\/pages\/21707","targetHints":{"allow":["GET"]}}],"collection":[{"href":"https:\/\/www.entreculturas.org\/gl\/wp-json\/wp\/v2\/pages"}],"about":[{"href":"https:\/\/www.entreculturas.org\/gl\/wp-json\/wp\/v2\/types\/page"}],"author":[{"embeddable":true,"href":"https:\/\/www.entreculturas.org\/gl\/wp-json\/wp\/v2\/users\/1"}],"replies":[{"embeddable":true,"href":"https:\/\/www.entreculturas.org\/gl\/wp-json\/wp\/v2\/comments?post=21707"}],"version-history":[{"count":1,"href":"https:\/\/www.entreculturas.org\/gl\/wp-json\/wp\/v2\/pages\/21707\/revisions"}],"predecessor-version":[{"id":21709,"href":"https:\/\/www.entreculturas.org\/gl\/wp-json\/wp\/v2\/pages\/21707\/revisions\/21709"}],"wp:attachment":[{"href":"https:\/\/www.entreculturas.org\/gl\/wp-json\/wp\/v2\/media?parent=21707"}],"curies":[{"name":"wp","href":"https:\/\/api.w.org\/{rel}","templated":true}]}}