{"id":21212,"date":"2023-12-01T16:46:42","date_gmt":"2023-12-01T15:46:42","guid":{"rendered":"https:\/\/www.entreculturas.org\/rozalen-and-beatriz-add-their-support-for-quality-education-for-all-people\/"},"modified":"2024-02-23T06:52:47","modified_gmt":"2024-02-23T05:52:47","slug":"rozalen-and-beatriz-add-their-support-for-quality-education-for-all-people","status":"publish","type":"page","link":"https:\/\/www.entreculturas.org\/en\/rozalen-and-beatriz-add-their-support-for-quality-education-for-all-people\/","title":{"rendered":"Rozal\u00e9n and Beatriz add their support for quality education for all people"},"content":{"rendered":"\n<div class=\"wp-block-group has-global-padding is-layout-constrained wp-container-core-group-is-layout-008a2103 wp-block-group-is-layout-constrained\" style=\"margin-top:var(--wp--preset--spacing--70);margin-bottom:var(--wp--preset--spacing--70);padding-right:20px;padding-left:20px\"><h2 style=\"font-size:3rem; padding-bottom:0;\" class=\"wp-block-post-title has-text-color has-purple-color has-din-font-family\">Rozal\u00e9n and Beatriz add their support for quality education for all people<\/h2><\/div>\n\n<div class=\"wp-block-group has-global-padding is-layout-constrained wp-container-core-group-is-layout-3cc8f9c3 wp-block-group-is-layout-constrained\" style=\"margin-bottom:var(--wp--preset--spacing--60);padding-top:0;padding-right:20px;padding-bottom:0;padding-left:20px\">\n<main class=\"wp-block-group has-white-background-color has-background is-vertical is-content-justification-stretch is-layout-flex wp-container-core-group-is-layout-c4292c20 wp-block-group-is-layout-flex\" style=\"border-radius:15px;margin-top:0;margin-bottom:0;padding-top:var(--wp--preset--spacing--50);padding-right:var(--wp--preset--spacing--60);padding-bottom:var(--wp--preset--spacing--50);padding-left:var(--wp--preset--spacing--60)\">\n<div class=\"wp-block-cover is-light\" style=\"border-radius:15px;padding-right:0;padding-left:0\"><span aria-hidden=\"true\" class=\"wp-block-cover__background has-background-dim\"><\/span><img decoding=\"async\" width=\"648\" height=\"227\" class=\"wp-block-cover__image-background wp-image-8973\" alt=\"\" src=\"https:\/\/www.entreculturas.org\/wp-content\/uploads\/2023\/12\/rozalen-y-beatriz-video.jpg\" data-object-fit=\"cover\" srcset=\"https:\/\/www.entreculturas.org\/wp-content\/uploads\/2023\/12\/rozalen-y-beatriz-video.jpg 648w, https:\/\/www.entreculturas.org\/wp-content\/uploads\/2023\/12\/rozalen-y-beatriz-video-300x105.jpg 300w\" sizes=\"(max-width: 648px) 100vw, 648px\" \/><div class=\"wp-block-cover__inner-container has-global-padding is-layout-constrained wp-container-core-cover-is-layout-bb83dbae wp-block-cover-is-layout-constrained\">\n<div class=\"youtube-lightbox-trigger has-svg-background\" data-youtube-url=\"https:\/\/www.youtube.com\/watch?v=RcMXQ9dFoZ0\"><div class=\"youtube-svg-button has-svg-background\"><svg xmlns=\"https:\/\/www.w3.org\/2000\/svg\" width=\"72\" height=\"72\" viewbox=\"0 0 72 72\" fill=\"none\"><circle cx=\"36\" cy=\"36\" r=\"36\" fill=\"#E30600\"><\/circle><path d=\"M27.873 49.4328C27.5747 49.4328 27.2885 49.3143 27.0776 49.1033C26.8666 48.8923 26.748 48.6062 26.748 48.3078V23.5578C26.7481 23.3623 26.7991 23.1702 26.8959 23.0004C26.9928 22.8306 27.1323 22.689 27.3006 22.5895C27.4689 22.49 27.6602 22.4361 27.8557 22.4331C28.0511 22.4301 28.244 22.4781 28.4153 22.5723L50.9153 34.9473C51.0917 35.0444 51.2388 35.1871 51.3412 35.3604C51.4437 35.5338 51.4977 35.7314 51.4977 35.9328C51.4977 36.1341 51.4437 36.3318 51.3412 36.5052C51.2388 36.6785 51.0917 36.8212 50.9153 36.9183L28.4153 49.2933C28.2492 49.3847 28.0627 49.4327 27.873 49.4328ZM28.998 25.459V46.4065L48.0387 35.9328L28.998 25.459Z\" fill=\"white\"><\/path><\/svg><\/div><\/div>\n<\/div><\/div>\n\n\n\n<div class=\"wp-block-buttons is-content-justification-center is-layout-flex wp-container-core-buttons-is-layout-a6d9f191 wp-block-buttons-is-layout-flex\" style=\"margin-top:var(--wp--preset--spacing--40);margin-bottom:var(--wp--preset--spacing--40)\">\n<div class=\"wp-block-button\"><a class=\"wp-block-button__link wp-element-button\" href=\"https:\/\/colabora.entreculturas.org\/es\/dona-la-silla-roja\" target=\"_blank\" rel=\"noreferrer noopener\">You can also join us<\/a><\/div>\n<\/div>\n<\/main>\n<\/div>\n\n<div class=\"wp-block-group has-global-padding is-layout-constrained wp-container-core-group-is-layout-dbc7fd4f wp-block-group-is-layout-constrained\" style=\"padding-right:20px;padding-bottom:var(--wp--preset--spacing--60);padding-left:20px\">\n<p style=\"margin-bottom:var(--wp--preset--spacing--40)\"><strong>244 million children and adolescents are unable to return to school<\/strong>, largely due to:<\/p>\n\n\n\n<ul class=\"wp-block-list\" style=\"margin-bottom:2rem\">\n<li>The consequences of the health emergency caused by COVID-19 are still being felt.<\/li>\n\n\n\n<li>Conflicts and wars forcing millions of children into displacement  <\/li>\n\n\n\n<li>Situations of exclusion, poverty and disability, which cause marginalization and isolation.<\/li>\n<\/ul>\n\n\n\n<div class=\"wp-block-group has-global-padding is-layout-constrained wp-container-core-group-is-layout-346627ba wp-block-group-is-layout-constrained\">\n<p>People with disabilities represent 15% of the world&#8217;s population, yet they are among the most marginalized, with <strong>1 in 3 children with disabilities of primary school age not attending school<\/strong>.<\/p>\n\n\n\n<p>In addition, children with disabilities are <strong>4 times more likely to be victims of any type of violence<\/strong> and are almost 3 times more likely to be victims of sexual violence, with girls at greater risk.  <\/p>\n\n\n\n<p>Entreculturas works in countries such as Bolivia, Ecuador, Peru, Chad or Kenya, to<strong> guarantee their right to education through an inclusive system at all levels<\/strong>, without discrimination and under equal conditions.  <br\/><br\/>In the face of this global education crisis, <strong>Rozal\u00e9n and Beatriz raise their voice for inclusive and quality education for all people and show their support <\/strong>for our back to school campaign.<\/p>\n<\/div>\n<\/div>\n\n<div class=\"wp-block-group has-global-padding is-layout-constrained wp-container-core-group-is-layout-5acd9bea wp-block-group-is-layout-constrained\" style=\"margin-bottom:var(--wp--preset--spacing--70);padding-right:20px;padding-left:20px\">\n<section class=\"accordion__block\"><input type=\"checkbox\" id=\"oi7x9as5un8wr47gl6x3f\" class=\"accordion__checkbox\"\/><label for=\"oi7x9as5un8wr47gl6x3f\" class=\"wp-block-theme-blocks-newsletter has-white-color has-red-background-color has-text-color has-background\"><p>Do you want to receive information?<\/p><a class=\"wp-block-button__link has-white-color has-red-background-color has-text-color has-background has-border-color has-white-border-color wp-element-button\" style=\"border-width:2px\">Subscribe to the newsletter<\/a><\/label><div class=\"accordion__content\">\n<div class=\"wp-block-group has-global-padding is-layout-constrained wp-container-core-group-is-layout-98a4a1e3 wp-block-group-is-layout-constrained\" style=\"margin-top:0;margin-bottom:var(--wp--preset--spacing--80)\">\n<div class=\"wp-block-group has-white-background-color has-background has-global-padding is-layout-constrained wp-block-group-is-layout-constrained\">\n<h2 class=\"wp-block-heading has-text-align-center font-size-20\" id=\"h-subscribe-to-the-newsletter\">Subscribe to the newsletter<\/h2>\n\n\n\n<div class=\"wp-block-group block-contacto is-content-justification-left is-nowrap is-layout-flex wp-container-core-group-is-layout-d8ee05ca wp-block-group-is-layout-flex\" style=\"padding-right:var(--wp--preset--spacing--70);padding-left:var(--wp--preset--spacing--70)\">\n<div class=\"wp-block-group has-global-padding is-layout-constrained wp-block-group-is-layout-constrained block-visibility-hide-medium-screen block-visibility-hide-small-screen\" style=\"padding-top:var(--wp--preset--spacing--50);padding-bottom:var(--wp--preset--spacing--50)\">\n<figure class=\"wp-block-image size-large has-custom-border wp-container-content-b99e70a5 block-visibility-hide-medium-screen block-visibility-hide-small-screen\"><img decoding=\"async\" width=\"1024\" height=\"683\" src=\"https:\/\/www.entreculturas.org\/wp-content\/uploads\/2024\/10\/Cuzco-FyA21-41-1024x683.jpg\" alt=\"\" class=\"wp-image-34482\" style=\"border-radius:12px\" srcset=\"https:\/\/www.entreculturas.org\/wp-content\/uploads\/2024\/10\/Cuzco-FyA21-41-1024x683.jpg 1024w, https:\/\/www.entreculturas.org\/wp-content\/uploads\/2024\/10\/Cuzco-FyA21-41-300x200.jpg 300w, https:\/\/www.entreculturas.org\/wp-content\/uploads\/2024\/10\/Cuzco-FyA21-41-768x512.jpg 768w, https:\/\/www.entreculturas.org\/wp-content\/uploads\/2024\/10\/Cuzco-FyA21-41-1536x1024.jpg 1536w, https:\/\/www.entreculturas.org\/wp-content\/uploads\/2024\/10\/Cuzco-FyA21-41-2048x1365.jpg 2048w\" sizes=\"(max-width: 1024px) 100vw, 1024px\" \/><\/figure>\n<\/div>\n\n\n\n<form style=\"padding-top:var(--wp--preset--spacing--60);padding-right:0;padding-bottom:var(--wp--preset--spacing--60);padding-left:0\" class=\"wp-block-theme-blocks-custom-form wp-container-content-a5fc19f1\" id=\"custom_form\" action=\"\/wp-admin\/admin-post.php?action=custom_form\" method=\"post\"><input type=\"hidden\" name=\"g-recaptcha-response\" id=\"g-recaptcha-response\" value=\"\"\/><input type=\"hidden\" name=\"thanks_page\" value=\"\/thank-you-page\"\/><input type=\"hidden\" name=\"groups[]\" value=\"eBoletin y Campa\u00f1as\"\/>\n<p>If you would like to receive our monthly newsletter and occasional emails with information, please complete this form. We will immediately register you in our database and you will be able to stay up to date with all the latest news.<\/p>\n\n\n\n<input type=\"hidden\" name=\"form_type\" value=\"3\"\/>\n\n\n\n<div class=\"input-container\"><label>Name *<\/label><input type=\"text\" name=\"first_name\"\/><\/div>\n\n\n\n<div class=\"input-container\"><label>Surname<\/label><input type=\"text\" name=\"last_name\"\/><\/div>\n\n\n\n<div class=\"input-container\"><label>Email *<\/label><input type=\"email\" name=\"email\" required\/><\/div>\n\n\n\n<label class=\"acceptance\"><input type=\"checkbox\" required\/><span>I accept the <a href=\"https:\/\/www.entreculturas.org\/es\/privacidad-entreculturas\" data-type=\"link\" data-id=\"https:\/\/www.entreculturas.org\/es\/privacidad-entreculturas\" target=\"_blank\" rel=\"noreferrer noopener\">Privacy Policy<\/a> *<\/span><\/label>\n\n\n\n<p style=\"font-size:12px !important\">\n    From ENTRECULTURES FE I ALEGRIA ESPANYA we will treat the data provided as Data Controllers for the purpose of&#8230;    \n    <a href=\"javascript:void(0);\" id=\"read-more-link\">Seguir leyendo<\/a>.\n<\/p>\n<p class=\"hidden\" id=\"read-more\" style=\"display: none;font-size: 12px;\">\n&#8230;send you our monthly newsletter and specific information about our actions and campaigns, in favor of our foundational objectives, based on consent or the execution of an agreement. You can exercise your rights by sending an email to datos@entreculturas.org with the subject &#8220;Data Protection&#8221;\n<\/p>\n\n\n\n<script>\ndocument.addEventListener('DOMContentLoaded', function() {\n    document.getElementById('read-more-link').addEventListener('click', function() {\n        var readMoreContent = document.getElementById('read-more');\n        readMoreContent.style.display = 'block !important'; \/\/ Intenta sobrescribir con !important\n\n        \/\/ Si el m\u00e9todo anterior no funciona, utiliza setAttribute\n        if (readMoreContent.style.display !== 'block') {\n            readMoreContent.setAttribute('style', 'display: block !important; font-size: 12px;');\n        } else {\n            \/\/ Si ya est\u00e1 en 'block', solo ajusta el tama\u00f1o de fuente\n            readMoreContent.style.fontSize = '12px';\n        }\n\n        this.style.display = 'none'; \/\/ Opcional: oculta el enlace de \"Seguir leyendo\"\n    });\n});\n<\/script>\n\n\n\n<p class=\"hidden\" id=\"read-more\" style=\"font-size:12px\">Desde ENTRECULTURAS FE Y ALEGR\u00cdA ESPA\u00d1A trataremos los datos aportados en calidad de Responsable del tratamiento con la finalidad de gestionar nuestra relaci\u00f3n contigo, en pro de nuestros objetivos fundacionales, en base al consentimiento o a la ejecuci\u00f3n de un acuerdo. Puedes ejercer tus derechos enviando un email a&nbsp;rgpd@entreculturas.org con el asunto \u201cProtecci\u00f3n de Datos\u201d.<\/p>\n\n\n\n<div class=\"wp-block-group width-70-contacto justify-center-768 is-content-justification-right is-nowrap is-layout-flex wp-container-core-group-is-layout-17124a9a wp-block-group-is-layout-flex\">\n<button class=\"wp-block-button__link wp-element-button\">Subscribe<\/button>\n<\/div>\n<\/form>\n<\/div>\n<\/div>\n<\/div>\n<\/div><\/section>\n<\/div>\n","protected":false},"excerpt":{"rendered":"<p>244 million children and adolescents are unable to return to school, largely due to: People with disabilities represent 15% of the world&#8217;s population, yet they are among the most marginalized, with 1 in 3 children with disabilities of primary school age not attending school. In addition, children with disabilities are 4 times more likely to be victims of any type of violence and are almost 3 times more likely to be victims of sexual violence, with girls at greater risk. Entreculturas works in countries such as Bolivia, Ecuador, Peru, Chad or Kenya, to guarantee their right to education through an inclusive system at all levels, without discrimination and under equal conditions. In the face of this global education crisis, Rozal\u00e9n and Beatriz raise their voice for inclusive and quality education for all people and show their support for our back to school campaign.<\/p>\n","protected":false},"author":1,"featured_media":19008,"parent":0,"menu_order":0,"comment_status":"closed","ping_status":"closed","template":"","meta":{"_acf_changed":false,"footnotes":""},"class_list":["post-21212","page","type-page","status-publish","has-post-thumbnail","hentry"],"acf":[],"yoast_head":"<!-- This site is optimized with the Yoast SEO Premium plugin v21.6 (Yoast SEO v27.4) - https:\/\/yoast.com\/product\/yoast-seo-premium-wordpress\/ -->\n<title>Rozal\u00e9n and Beatriz add their support for quality education for all people -<\/title>\n<meta name=\"robots\" content=\"index, follow, max-snippet:-1, max-image-preview:large, max-video-preview:-1\" \/>\n<link rel=\"canonical\" href=\"https:\/\/www.entreculturas.org\/en\/rozalen-and-beatriz-add-their-support-for-quality-education-for-all-people\/\" \/>\n<meta property=\"og:locale\" content=\"en_US\" \/>\n<meta property=\"og:type\" content=\"article\" \/>\n<meta property=\"og:title\" content=\"Rozal\u00e9n and Beatriz add their support for quality education for all people\" \/>\n<meta property=\"og:description\" content=\"244 million children and adolescents are unable to return to school, largely due to: People with disabilities represent 15% of the world&#8217;s population, yet they are among the most marginalized, with 1 in 3 children with disabilities of primary school age not attending school. In addition, children with disabilities are 4 times more likely to be victims of any type of violence and are almost 3 times more likely to be victims of sexual violence, with girls at greater risk. Entreculturas works in countries such as Bolivia, Ecuador, Peru, Chad or Kenya, to guarantee their right to education through an inclusive system at all levels, without discrimination and under equal conditions. In the face of this global education crisis, Rozal\u00e9n and Beatriz raise their voice for inclusive and quality education for all people and show their support for our back to school campaign.\" \/>\n<meta property=\"og:url\" content=\"https:\/\/www.entreculturas.org\/en\/rozalen-and-beatriz-add-their-support-for-quality-education-for-all-people\/\" \/>\n<meta property=\"article:publisher\" content=\"https:\/\/www.facebook.com\/entreculturas\" \/>\n<meta property=\"article:modified_time\" content=\"2024-02-23T05:52:47+00:00\" \/>\n<meta property=\"og:image\" content=\"https:\/\/www.entreculturas.org\/wp-content\/uploads\/2023\/12\/rozalen-y-beatriz-video.jpg\" \/>\n\t<meta property=\"og:image:width\" content=\"648\" \/>\n\t<meta property=\"og:image:height\" content=\"227\" \/>\n\t<meta property=\"og:image:type\" content=\"image\/jpeg\" \/>\n<meta name=\"twitter:card\" content=\"summary_large_image\" \/>\n<meta name=\"twitter:site\" content=\"@Entreculturas\" \/>\n<script type=\"application\/ld+json\" class=\"yoast-schema-graph\">{\"@context\":\"https:\\\/\\\/schema.org\",\"@graph\":[{\"@type\":\"WebPage\",\"@id\":\"https:\\\/\\\/www.entreculturas.org\\\/en\\\/rozalen-and-beatriz-add-their-support-for-quality-education-for-all-people\\\/\",\"url\":\"https:\\\/\\\/www.entreculturas.org\\\/en\\\/rozalen-and-beatriz-add-their-support-for-quality-education-for-all-people\\\/\",\"name\":\"Rozal\u00e9n and Beatriz add their support for quality education for all people -\",\"isPartOf\":{\"@id\":\"https:\\\/\\\/www.entreculturas.org\\\/en\\\/#website\"},\"primaryImageOfPage\":{\"@id\":\"https:\\\/\\\/www.entreculturas.org\\\/en\\\/rozalen-and-beatriz-add-their-support-for-quality-education-for-all-people\\\/#primaryimage\"},\"image\":{\"@id\":\"https:\\\/\\\/www.entreculturas.org\\\/en\\\/rozalen-and-beatriz-add-their-support-for-quality-education-for-all-people\\\/#primaryimage\"},\"thumbnailUrl\":\"https:\\\/\\\/www.entreculturas.org\\\/wp-content\\\/uploads\\\/2023\\\/12\\\/rozalen-y-beatriz-video.jpg\",\"datePublished\":\"2023-12-01T15:46:42+00:00\",\"dateModified\":\"2024-02-23T05:52:47+00:00\",\"breadcrumb\":{\"@id\":\"https:\\\/\\\/www.entreculturas.org\\\/en\\\/rozalen-and-beatriz-add-their-support-for-quality-education-for-all-people\\\/#breadcrumb\"},\"inLanguage\":\"en-US\",\"potentialAction\":[{\"@type\":\"ReadAction\",\"target\":[\"https:\\\/\\\/www.entreculturas.org\\\/en\\\/rozalen-and-beatriz-add-their-support-for-quality-education-for-all-people\\\/\"]}]},{\"@type\":\"ImageObject\",\"inLanguage\":\"en-US\",\"@id\":\"https:\\\/\\\/www.entreculturas.org\\\/en\\\/rozalen-and-beatriz-add-their-support-for-quality-education-for-all-people\\\/#primaryimage\",\"url\":\"https:\\\/\\\/www.entreculturas.org\\\/wp-content\\\/uploads\\\/2023\\\/12\\\/rozalen-y-beatriz-video.jpg\",\"contentUrl\":\"https:\\\/\\\/www.entreculturas.org\\\/wp-content\\\/uploads\\\/2023\\\/12\\\/rozalen-y-beatriz-video.jpg\",\"width\":648,\"height\":227},{\"@type\":\"BreadcrumbList\",\"@id\":\"https:\\\/\\\/www.entreculturas.org\\\/en\\\/rozalen-and-beatriz-add-their-support-for-quality-education-for-all-people\\\/#breadcrumb\",\"itemListElement\":[{\"@type\":\"ListItem\",\"position\":1,\"name\":\"Home\",\"item\":\"https:\\\/\\\/www.entreculturas.org\\\/en\\\/\"},{\"@type\":\"ListItem\",\"position\":2,\"name\":\"Rozal\u00e9n and Beatriz add their support for quality education for all people\"}]},{\"@type\":\"WebSite\",\"@id\":\"https:\\\/\\\/www.entreculturas.org\\\/en\\\/#website\",\"url\":\"https:\\\/\\\/www.entreculturas.org\\\/en\\\/\",\"name\":\"Entreculturas\",\"description\":\"\",\"publisher\":{\"@id\":\"https:\\\/\\\/www.entreculturas.org\\\/en\\\/#organization\"},\"potentialAction\":[{\"@type\":\"SearchAction\",\"target\":{\"@type\":\"EntryPoint\",\"urlTemplate\":\"https:\\\/\\\/www.entreculturas.org\\\/en\\\/?s={search_term_string}\"},\"query-input\":{\"@type\":\"PropertyValueSpecification\",\"valueRequired\":true,\"valueName\":\"search_term_string\"}}],\"inLanguage\":\"en-US\"},{\"@type\":\"Organization\",\"@id\":\"https:\\\/\\\/www.entreculturas.org\\\/en\\\/#organization\",\"name\":\"Entreculturas\",\"url\":\"https:\\\/\\\/www.entreculturas.org\\\/en\\\/\",\"logo\":{\"@type\":\"ImageObject\",\"inLanguage\":\"en-US\",\"@id\":\"https:\\\/\\\/www.entreculturas.org\\\/en\\\/#\\\/schema\\\/logo\\\/image\\\/\",\"url\":\"https:\\\/\\\/www.entreculturas.org\\\/wp-content\\\/uploads\\\/2025\\\/10\\\/ESP.svg\",\"contentUrl\":\"https:\\\/\\\/www.entreculturas.org\\\/wp-content\\\/uploads\\\/2025\\\/10\\\/ESP.svg\",\"caption\":\"Entreculturas\"},\"image\":{\"@id\":\"https:\\\/\\\/www.entreculturas.org\\\/en\\\/#\\\/schema\\\/logo\\\/image\\\/\"},\"sameAs\":[\"https:\\\/\\\/www.facebook.com\\\/entreculturas\",\"https:\\\/\\\/x.com\\\/Entreculturas\",\"https:\\\/\\\/www.instagram.com\\\/entreculturas\\\/\",\"https:\\\/\\\/www.youtube.com\\\/user\\\/entreculturasvideo\",\"https:\\\/\\\/www.linkedin.com\\\/company\\\/fundacion-entreculturas-ngdo\\\/\",\"https:\\\/\\\/www.flickr.com\\\/photos\\\/98455522@N04\\\/albums\\\/\"]}]}<\/script>\n<!-- \/ Yoast SEO Premium plugin. -->","yoast_head_json":{"title":"Rozal\u00e9n and Beatriz add their support for quality education for all people -","robots":{"index":"index","follow":"follow","max-snippet":"max-snippet:-1","max-image-preview":"max-image-preview:large","max-video-preview":"max-video-preview:-1"},"canonical":"https:\/\/www.entreculturas.org\/en\/rozalen-and-beatriz-add-their-support-for-quality-education-for-all-people\/","og_locale":"en_US","og_type":"article","og_title":"Rozal\u00e9n and Beatriz add their support for quality education for all people","og_description":"244 million children and adolescents are unable to return to school, largely due to: People with disabilities represent 15% of the world&#8217;s population, yet they are among the most marginalized, with 1 in 3 children with disabilities of primary school age not attending school. In addition, children with disabilities are 4 times more likely to be victims of any type of violence and are almost 3 times more likely to be victims of sexual violence, with girls at greater risk. Entreculturas works in countries such as Bolivia, Ecuador, Peru, Chad or Kenya, to guarantee their right to education through an inclusive system at all levels, without discrimination and under equal conditions. In the face of this global education crisis, Rozal\u00e9n and Beatriz raise their voice for inclusive and quality education for all people and show their support for our back to school campaign.","og_url":"https:\/\/www.entreculturas.org\/en\/rozalen-and-beatriz-add-their-support-for-quality-education-for-all-people\/","article_publisher":"https:\/\/www.facebook.com\/entreculturas","article_modified_time":"2024-02-23T05:52:47+00:00","og_image":[{"width":648,"height":227,"url":"https:\/\/www.entreculturas.org\/wp-content\/uploads\/2023\/12\/rozalen-y-beatriz-video.jpg","type":"image\/jpeg"}],"twitter_card":"summary_large_image","twitter_site":"@Entreculturas","schema":{"@context":"https:\/\/schema.org","@graph":[{"@type":"WebPage","@id":"https:\/\/www.entreculturas.org\/en\/rozalen-and-beatriz-add-their-support-for-quality-education-for-all-people\/","url":"https:\/\/www.entreculturas.org\/en\/rozalen-and-beatriz-add-their-support-for-quality-education-for-all-people\/","name":"Rozal\u00e9n and Beatriz add their support for quality education for all people -","isPartOf":{"@id":"https:\/\/www.entreculturas.org\/en\/#website"},"primaryImageOfPage":{"@id":"https:\/\/www.entreculturas.org\/en\/rozalen-and-beatriz-add-their-support-for-quality-education-for-all-people\/#primaryimage"},"image":{"@id":"https:\/\/www.entreculturas.org\/en\/rozalen-and-beatriz-add-their-support-for-quality-education-for-all-people\/#primaryimage"},"thumbnailUrl":"https:\/\/www.entreculturas.org\/wp-content\/uploads\/2023\/12\/rozalen-y-beatriz-video.jpg","datePublished":"2023-12-01T15:46:42+00:00","dateModified":"2024-02-23T05:52:47+00:00","breadcrumb":{"@id":"https:\/\/www.entreculturas.org\/en\/rozalen-and-beatriz-add-their-support-for-quality-education-for-all-people\/#breadcrumb"},"inLanguage":"en-US","potentialAction":[{"@type":"ReadAction","target":["https:\/\/www.entreculturas.org\/en\/rozalen-and-beatriz-add-their-support-for-quality-education-for-all-people\/"]}]},{"@type":"ImageObject","inLanguage":"en-US","@id":"https:\/\/www.entreculturas.org\/en\/rozalen-and-beatriz-add-their-support-for-quality-education-for-all-people\/#primaryimage","url":"https:\/\/www.entreculturas.org\/wp-content\/uploads\/2023\/12\/rozalen-y-beatriz-video.jpg","contentUrl":"https:\/\/www.entreculturas.org\/wp-content\/uploads\/2023\/12\/rozalen-y-beatriz-video.jpg","width":648,"height":227},{"@type":"BreadcrumbList","@id":"https:\/\/www.entreculturas.org\/en\/rozalen-and-beatriz-add-their-support-for-quality-education-for-all-people\/#breadcrumb","itemListElement":[{"@type":"ListItem","position":1,"name":"Home","item":"https:\/\/www.entreculturas.org\/en\/"},{"@type":"ListItem","position":2,"name":"Rozal\u00e9n and Beatriz add their support for quality education for all people"}]},{"@type":"WebSite","@id":"https:\/\/www.entreculturas.org\/en\/#website","url":"https:\/\/www.entreculturas.org\/en\/","name":"Entreculturas","description":"","publisher":{"@id":"https:\/\/www.entreculturas.org\/en\/#organization"},"potentialAction":[{"@type":"SearchAction","target":{"@type":"EntryPoint","urlTemplate":"https:\/\/www.entreculturas.org\/en\/?s={search_term_string}"},"query-input":{"@type":"PropertyValueSpecification","valueRequired":true,"valueName":"search_term_string"}}],"inLanguage":"en-US"},{"@type":"Organization","@id":"https:\/\/www.entreculturas.org\/en\/#organization","name":"Entreculturas","url":"https:\/\/www.entreculturas.org\/en\/","logo":{"@type":"ImageObject","inLanguage":"en-US","@id":"https:\/\/www.entreculturas.org\/en\/#\/schema\/logo\/image\/","url":"https:\/\/www.entreculturas.org\/wp-content\/uploads\/2025\/10\/ESP.svg","contentUrl":"https:\/\/www.entreculturas.org\/wp-content\/uploads\/2025\/10\/ESP.svg","caption":"Entreculturas"},"image":{"@id":"https:\/\/www.entreculturas.org\/en\/#\/schema\/logo\/image\/"},"sameAs":["https:\/\/www.facebook.com\/entreculturas","https:\/\/x.com\/Entreculturas","https:\/\/www.instagram.com\/entreculturas\/","https:\/\/www.youtube.com\/user\/entreculturasvideo","https:\/\/www.linkedin.com\/company\/fundacion-entreculturas-ngdo\/","https:\/\/www.flickr.com\/photos\/98455522@N04\/albums\/"]}]}},"_links":{"self":[{"href":"https:\/\/www.entreculturas.org\/en\/wp-json\/wp\/v2\/pages\/21212","targetHints":{"allow":["GET"]}}],"collection":[{"href":"https:\/\/www.entreculturas.org\/en\/wp-json\/wp\/v2\/pages"}],"about":[{"href":"https:\/\/www.entreculturas.org\/en\/wp-json\/wp\/v2\/types\/page"}],"author":[{"embeddable":true,"href":"https:\/\/www.entreculturas.org\/en\/wp-json\/wp\/v2\/users\/1"}],"replies":[{"embeddable":true,"href":"https:\/\/www.entreculturas.org\/en\/wp-json\/wp\/v2\/comments?post=21212"}],"version-history":[{"count":1,"href":"https:\/\/www.entreculturas.org\/en\/wp-json\/wp\/v2\/pages\/21212\/revisions"}],"predecessor-version":[{"id":21213,"href":"https:\/\/www.entreculturas.org\/en\/wp-json\/wp\/v2\/pages\/21212\/revisions\/21213"}],"wp:featuredmedia":[{"embeddable":true,"href":"https:\/\/www.entreculturas.org\/en\/wp-json\/wp\/v2\/media\/19008"}],"wp:attachment":[{"href":"https:\/\/www.entreculturas.org\/en\/wp-json\/wp\/v2\/media?parent=21212"}],"curies":[{"name":"wp","href":"https:\/\/api.w.org\/{rel}","templated":true}]}}