{"id":21117,"date":"2023-12-01T19:08:41","date_gmt":"2023-12-01T18:08:41","guid":{"rendered":"https:\/\/www.entreculturas.org\/jorge-santafe-maibach-foundation\/"},"modified":"2024-02-22T10:46:11","modified_gmt":"2024-02-22T09:46:11","slug":"jorge-santafe-maibach-foundation","status":"publish","type":"page","link":"https:\/\/www.entreculturas.org\/en\/jorge-santafe-maibach-foundation\/","title":{"rendered":"Jorge Santaf\u00e9 Maibach Foundation"},"content":{"rendered":"\n<div class=\"wp-block-group has-global-padding is-layout-constrained wp-container-core-group-is-layout-f5122dc4 wp-block-group-is-layout-constrained\" style=\"margin-top:var(--wp--preset--spacing--40);margin-bottom:var(--wp--preset--spacing--40);padding-right:20px;padding-left:20px\"><h2 class=\"wp-block-post-title\">Jorge Santaf\u00e9 Maibach Foundation<\/h2>\n\n\n<div class=\"wp-block-group has-white-background-color has-background has-global-padding is-layout-constrained wp-container-core-group-is-layout-311daefe wp-block-group-is-layout-constrained\" style=\"border-radius:15px;padding-top:0;padding-right:20px;padding-bottom:0;padding-left:0px\">\n<figure class=\"wp-block-image size-full is-resized has-custom-border\"><img loading=\"lazy\" decoding=\"async\" width=\"1000\" height=\"340\" src=\"https:\/\/www.entreculturas.org\/wp-content\/uploads\/2023\/12\/banner_fundacion_jorge_santafe_1000px.jpg\" alt=\"\" class=\"wp-image-8801\" style=\"border-radius:15px;width:1228px\" srcset=\"https:\/\/www.entreculturas.org\/wp-content\/uploads\/2023\/12\/banner_fundacion_jorge_santafe_1000px.jpg 1000w, https:\/\/www.entreculturas.org\/wp-content\/uploads\/2023\/12\/banner_fundacion_jorge_santafe_1000px-300x102.jpg 300w, https:\/\/www.entreculturas.org\/wp-content\/uploads\/2023\/12\/banner_fundacion_jorge_santafe_1000px-768x261.jpg 768w\" sizes=\"auto, (max-width: 1000px) 100vw, 1000px\" \/><\/figure>\n<\/div>\n<\/div>\n\n<div class=\"wp-block-group has-global-padding is-layout-constrained wp-container-core-group-is-layout-706d84e7 wp-block-group-is-layout-constrained\" style=\"margin-top:var(--wp--preset--spacing--40);margin-bottom:var(--wp--preset--spacing--40);padding-right:20px;padding-left:20px\">\n<p>The<strong>  The Jorge Santaf\u00e9 Maibach Foundation was created on June 27, 2002 with the desire to maintain the presence and memory of Jorge Santaf\u00e9 in the lives of his family and friends.<\/strong>  The Foundation&#8217;s social purpose is to support the construction of schools to help the most disadvantaged people escape poverty, as well as other projects with the same purpose.  <\/p>\n\n\n\n<p>Since 2020, the Santaf\u00e9 Maibach Foundation has been collaborating with Entreculturas on construction projects of various kinds.  <strong>So far, this collaboration has been directed to projects in Chad and Malawi:<\/strong><\/p>\n\n\n\n<p><strong>In Chad, with Fe y Alegr\u00eda Chad<\/strong>In addition, support was provided to improve technical training for the vulnerable population at the N&#8217;Djamena Technical and Vocational Training Center (CFTP) by building a second floor that houses two classrooms, a computer room, three offices for teachers and administrative personnel, and three toilets.<\/p>\n\n\n\n<p><strong>In Malawi, we worked together with JRS, the Jesuit Refugee Service.<\/strong>The project has been implemented in the Umodzi Katubza elementary school in the Dzaleka refugee camp, guaranteeing the basic infrastructures necessary to offer quality education to children who are victims of violence in the Democratic Republic of Congo and insecurity in other countries such as Burundi and Somalia. The support of the Santaf\u00e9 Foundation enabled the construction of a new two-classroom block to accommodate 100 new students, and the construction of a fence to make the school a safe space for children and teachers.<\/p>\n\n\n\n<p>We are currently working on new projects on which we will be focusing our efforts in the coming months.  <\/p>\n<\/div>\n\n<div class=\"wp-block-group has-global-padding is-layout-constrained wp-container-core-group-is-layout-70b5dabc wp-block-group-is-layout-constrained\" style=\"padding-right:20px;padding-left:20px\">\n<p style=\"margin-bottom:var(--wp--preset--spacing--40)\"><strong>Related downloads<\/strong>:<\/p>\n\n\n\n<a href=\"https:\/\/www.entreculturas.org\/wp-content\/uploads\/2023\/12\/informe_proyecto_final_malawi_fundacion_jorge_santafe.pdf\" target=\"_blank\" style=\"text-decoration:none;color:#2e2d2c\" rel=\"noopener\">\n<\/a>\n\n\n<div class=\"wp-block-columns is-not-stacked-on-mobile has-white-background-color has-background is-layout-flex wp-container-core-columns-is-layout-51bb7143 wp-block-columns-is-layout-flex\" style=\"border-radius:10px;margin-top:0;margin-bottom:var(--wp--preset--spacing--50);padding-top:var(--wp--preset--spacing--40);padding-right:var(--wp--preset--spacing--40);padding-bottom:var(--wp--preset--spacing--40);padding-left:var(--wp--preset--spacing--40)\">\n<div class=\"wp-block-column flex-basis-download-icon-unete-equipo is-layout-flow wp-block-column-is-layout-flow\" style=\"flex-basis:4%\">\n<figure class=\"wp-block-image size-full\"><img decoding=\"async\" src=\"https:\/\/www.entreculturas.org\/wp-content\/uploads\/2023\/09\/download.svg\" alt=\"\" class=\"wp-image-1048\"\/><\/figure>\n<\/div>\n\n\n\n<div class=\"wp-block-column is-layout-flow wp-block-column-is-layout-flow\" style=\"flex-basis:96%\">\n<p class=\"qs-margin-left-corazones\"><strong><strong>Final project report Malawi<\/strong><\/strong><\/p>\n<\/div>\n<\/div>\n\n\n\n\n\n\n\n<a href=\"https:\/\/www.entreculturas.org\/wp-content\/uploads\/2023\/12\/informe_proyecto_final_chad_fundacion_jorge_santafe.pdf\" target=\"_blank\" style=\"text-decoration:none;color:#2e2d2c\" rel=\"noopener\">\n<\/a>\n\n\n<div class=\"wp-block-columns is-not-stacked-on-mobile has-white-background-color has-background is-layout-flex wp-container-core-columns-is-layout-51bb7143 wp-block-columns-is-layout-flex\" style=\"border-radius:10px;margin-top:0;margin-bottom:var(--wp--preset--spacing--50);padding-top:var(--wp--preset--spacing--40);padding-right:var(--wp--preset--spacing--40);padding-bottom:var(--wp--preset--spacing--40);padding-left:var(--wp--preset--spacing--40)\">\n<div class=\"wp-block-column flex-basis-download-icon-unete-equipo is-layout-flow wp-block-column-is-layout-flow\" style=\"flex-basis:4%\">\n<figure class=\"wp-block-image size-full\"><img decoding=\"async\" src=\"https:\/\/www.entreculturas.org\/wp-content\/uploads\/2023\/09\/download.svg\" alt=\"\" class=\"wp-image-1048\"\/><\/figure>\n<\/div>\n\n\n\n<div class=\"wp-block-column is-layout-flow wp-block-column-is-layout-flow\" style=\"flex-basis:96%\">\n<p class=\"qs-margin-left-corazones\"><strong><strong>Final project report Chad<\/strong><\/strong><\/p>\n<\/div>\n<\/div>\n\n\n\n\n<\/div>\n\n<div class=\"wp-block-group has-global-padding is-layout-constrained wp-container-core-group-is-layout-5acd9bea wp-block-group-is-layout-constrained\" style=\"margin-bottom:var(--wp--preset--spacing--70);padding-right:20px;padding-left:20px\">\n<section class=\"accordion__block\"><input type=\"checkbox\" id=\"oi7x9as5un8wr47gl6x3f\" class=\"accordion__checkbox\"\/><label for=\"oi7x9as5un8wr47gl6x3f\" class=\"wp-block-theme-blocks-newsletter has-white-color has-red-background-color has-text-color has-background\"><p>Do you want to receive information?<\/p><a class=\"wp-block-button__link has-white-color has-red-background-color has-text-color has-background has-border-color has-white-border-color wp-element-button\" style=\"border-width:2px\">Subscribe to the newsletter<\/a><\/label><div class=\"accordion__content\">\n<div class=\"wp-block-group has-global-padding is-layout-constrained wp-container-core-group-is-layout-98a4a1e3 wp-block-group-is-layout-constrained\" style=\"margin-top:0;margin-bottom:var(--wp--preset--spacing--80)\">\n<div class=\"wp-block-group has-white-background-color has-background has-global-padding is-layout-constrained wp-block-group-is-layout-constrained\">\n<h2 class=\"wp-block-heading has-text-align-center font-size-20\" id=\"h-subscribe-to-the-newsletter\">Subscribe to the newsletter<\/h2>\n\n\n\n<div class=\"wp-block-group block-contacto is-content-justification-left is-nowrap is-layout-flex wp-container-core-group-is-layout-d8ee05ca wp-block-group-is-layout-flex\" style=\"padding-right:var(--wp--preset--spacing--70);padding-left:var(--wp--preset--spacing--70)\">\n<div class=\"wp-block-group has-global-padding is-layout-constrained wp-block-group-is-layout-constrained block-visibility-hide-medium-screen block-visibility-hide-small-screen\" style=\"padding-top:var(--wp--preset--spacing--50);padding-bottom:var(--wp--preset--spacing--50)\">\n<figure class=\"wp-block-image size-large has-custom-border wp-container-content-b99e70a5 block-visibility-hide-medium-screen block-visibility-hide-small-screen\"><img loading=\"lazy\" decoding=\"async\" width=\"1024\" height=\"683\" src=\"https:\/\/www.entreculturas.org\/wp-content\/uploads\/2024\/10\/Cuzco-FyA21-41-1024x683.jpg\" alt=\"\" class=\"wp-image-34482\" style=\"border-radius:12px\" srcset=\"https:\/\/www.entreculturas.org\/wp-content\/uploads\/2024\/10\/Cuzco-FyA21-41-1024x683.jpg 1024w, https:\/\/www.entreculturas.org\/wp-content\/uploads\/2024\/10\/Cuzco-FyA21-41-300x200.jpg 300w, https:\/\/www.entreculturas.org\/wp-content\/uploads\/2024\/10\/Cuzco-FyA21-41-768x512.jpg 768w, https:\/\/www.entreculturas.org\/wp-content\/uploads\/2024\/10\/Cuzco-FyA21-41-1536x1024.jpg 1536w, https:\/\/www.entreculturas.org\/wp-content\/uploads\/2024\/10\/Cuzco-FyA21-41-2048x1365.jpg 2048w\" sizes=\"auto, (max-width: 1024px) 100vw, 1024px\" \/><\/figure>\n<\/div>\n\n\n\n<form style=\"padding-top:var(--wp--preset--spacing--60);padding-right:0;padding-bottom:var(--wp--preset--spacing--60);padding-left:0\" class=\"wp-block-theme-blocks-custom-form wp-container-content-a5fc19f1\" id=\"custom_form\" action=\"\/wp-admin\/admin-post.php?action=custom_form\" method=\"post\"><input type=\"hidden\" name=\"g-recaptcha-response\" id=\"g-recaptcha-response\" value=\"\"\/><input type=\"hidden\" name=\"thanks_page\" value=\"\/thank-you-page\"\/><input type=\"hidden\" name=\"groups[]\" value=\"eBoletin y Campa\u00f1as\"\/>\n<p>If you would like to receive our monthly newsletter and occasional emails with information, please complete this form. We will immediately register you in our database and you will be able to stay up to date with all the latest news.<\/p>\n\n\n\n<input type=\"hidden\" name=\"form_type\" value=\"3\"\/>\n\n\n\n<div class=\"input-container\"><label>Name *<\/label><input type=\"text\" name=\"first_name\"\/><\/div>\n\n\n\n<div class=\"input-container\"><label>Surname<\/label><input type=\"text\" name=\"last_name\"\/><\/div>\n\n\n\n<div class=\"input-container\"><label>Email *<\/label><input type=\"email\" name=\"email\" required\/><\/div>\n\n\n\n<label class=\"acceptance\"><input type=\"checkbox\" required\/><span>I accept the <a href=\"https:\/\/www.entreculturas.org\/es\/privacidad-entreculturas\" data-type=\"link\" data-id=\"https:\/\/www.entreculturas.org\/es\/privacidad-entreculturas\" target=\"_blank\" rel=\"noreferrer noopener\">Privacy Policy<\/a> *<\/span><\/label>\n\n\n\n<p style=\"font-size:12px !important\">\n    From ENTRECULTURES FE I ALEGRIA ESPANYA we will treat the data provided as Data Controllers for the purpose of&#8230;    \n    <a href=\"javascript:void(0);\" id=\"read-more-link\">Seguir leyendo<\/a>.\n<\/p>\n<p class=\"hidden\" id=\"read-more\" style=\"display: none;font-size: 12px;\">\n&#8230;send you our monthly newsletter and specific information about our actions and campaigns, in favor of our foundational objectives, based on consent or the execution of an agreement. You can exercise your rights by sending an email to datos@entreculturas.org with the subject &#8220;Data Protection&#8221;\n<\/p>\n\n\n\n<script>\ndocument.addEventListener('DOMContentLoaded', function() {\n    document.getElementById('read-more-link').addEventListener('click', function() {\n        var readMoreContent = document.getElementById('read-more');\n        readMoreContent.style.display = 'block !important'; \/\/ Intenta sobrescribir con !important\n\n        \/\/ Si el m\u00e9todo anterior no funciona, utiliza setAttribute\n        if (readMoreContent.style.display !== 'block') {\n            readMoreContent.setAttribute('style', 'display: block !important; font-size: 12px;');\n        } else {\n            \/\/ Si ya est\u00e1 en 'block', solo ajusta el tama\u00f1o de fuente\n            readMoreContent.style.fontSize = '12px';\n        }\n\n        this.style.display = 'none'; \/\/ Opcional: oculta el enlace de \"Seguir leyendo\"\n    });\n});\n<\/script>\n\n\n\n<p class=\"hidden\" id=\"read-more\" style=\"font-size:12px\">Desde ENTRECULTURAS FE Y ALEGR\u00cdA ESPA\u00d1A trataremos los datos aportados en calidad de Responsable del tratamiento con la finalidad de gestionar nuestra relaci\u00f3n contigo, en pro de nuestros objetivos fundacionales, en base al consentimiento o a la ejecuci\u00f3n de un acuerdo. Puedes ejercer tus derechos enviando un email a&nbsp;rgpd@entreculturas.org con el asunto \u201cProtecci\u00f3n de Datos\u201d.<\/p>\n\n\n\n<div class=\"wp-block-group width-70-contacto justify-center-768 is-content-justification-right is-nowrap is-layout-flex wp-container-core-group-is-layout-17124a9a wp-block-group-is-layout-flex\">\n<button class=\"wp-block-button__link wp-element-button\">Subscribe<\/button>\n<\/div>\n<\/form>\n<\/div>\n<\/div>\n<\/div>\n<\/div><\/section>\n<\/div>\n","protected":false},"excerpt":{"rendered":"<p>The The Jorge Santaf\u00e9 Maibach Foundation was created on June 27, 2002 with the desire to maintain the presence and memory of Jorge Santaf\u00e9 in the lives of his family and friends. The Foundation&#8217;s social purpose is to support the construction of schools to help the most disadvantaged people escape poverty, as well as other projects with the same purpose. Since 2020, the Santaf\u00e9 Maibach Foundation has been collaborating with Entreculturas on construction projects of various kinds. So far, this collaboration has been directed to projects in Chad and Malawi: In Chad, with Fe y Alegr\u00eda ChadIn addition, support was provided to improve technical training for the vulnerable population at the N&#8217;Djamena Technical and Vocational Training Center (CFTP) by building a second floor that houses two classrooms, a computer room, three offices for teachers and administrative personnel, and three toilets. In Malawi, we worked together with JRS, the Jesuit Refugee [&hellip;]<\/p>\n","protected":false},"author":1,"featured_media":0,"parent":0,"menu_order":0,"comment_status":"closed","ping_status":"closed","template":"","meta":{"_acf_changed":false,"footnotes":""},"class_list":["post-21117","page","type-page","status-publish","hentry"],"acf":[],"yoast_head":"<!-- This site is optimized with the Yoast SEO Premium plugin v21.6 (Yoast SEO v27.6) - https:\/\/yoast.com\/product\/yoast-seo-premium-wordpress\/ -->\n<title>Jorge Santaf\u00e9 Maibach Foundation - Entreculturas<\/title>\n<meta name=\"robots\" content=\"index, follow, max-snippet:-1, max-image-preview:large, max-video-preview:-1\" \/>\n<link rel=\"canonical\" href=\"https:\/\/www.entreculturas.org\/en\/jorge-santafe-maibach-foundation\/\" \/>\n<meta property=\"og:locale\" content=\"en_US\" \/>\n<meta property=\"og:type\" content=\"article\" \/>\n<meta property=\"og:title\" content=\"Jorge Santaf\u00e9 Maibach Foundation\" \/>\n<meta property=\"og:description\" content=\"The The Jorge Santaf\u00e9 Maibach Foundation was created on June 27, 2002 with the desire to maintain the presence and memory of Jorge Santaf\u00e9 in the lives of his family and friends. The Foundation&#8217;s social purpose is to support the construction of schools to help the most disadvantaged people escape poverty, as well as other projects with the same purpose. Since 2020, the Santaf\u00e9 Maibach Foundation has been collaborating with Entreculturas on construction projects of various kinds. So far, this collaboration has been directed to projects in Chad and Malawi: In Chad, with Fe y Alegr\u00eda ChadIn addition, support was provided to improve technical training for the vulnerable population at the N&#8217;Djamena Technical and Vocational Training Center (CFTP) by building a second floor that houses two classrooms, a computer room, three offices for teachers and administrative personnel, and three toilets. In Malawi, we worked together with JRS, the Jesuit Refugee [&hellip;]\" \/>\n<meta property=\"og:url\" content=\"https:\/\/www.entreculturas.org\/en\/jorge-santafe-maibach-foundation\/\" \/>\n<meta property=\"og:site_name\" content=\"Entreculturas\" \/>\n<meta property=\"article:publisher\" content=\"https:\/\/www.facebook.com\/entreculturas\" \/>\n<meta property=\"article:modified_time\" content=\"2024-02-22T09:46:11+00:00\" \/>\n<meta property=\"og:image\" content=\"https:\/\/www.entreculturas.org\/wp-content\/uploads\/2023\/12\/banner_fundacion_jorge_santafe_1000px.jpg\" \/>\n<meta name=\"twitter:card\" content=\"summary_large_image\" \/>\n<meta name=\"twitter:site\" content=\"@Entreculturas\" \/>\n<script type=\"application\/ld+json\" class=\"yoast-schema-graph\">{\"@context\":\"https:\\\/\\\/schema.org\",\"@graph\":[{\"@type\":\"WebPage\",\"@id\":\"https:\\\/\\\/www.entreculturas.org\\\/en\\\/jorge-santafe-maibach-foundation\\\/\",\"url\":\"https:\\\/\\\/www.entreculturas.org\\\/en\\\/jorge-santafe-maibach-foundation\\\/\",\"name\":\"Jorge Santaf\u00e9 Maibach Foundation - Entreculturas\",\"isPartOf\":{\"@id\":\"https:\\\/\\\/www.entreculturas.org\\\/en\\\/#website\"},\"primaryImageOfPage\":{\"@id\":\"https:\\\/\\\/www.entreculturas.org\\\/en\\\/jorge-santafe-maibach-foundation\\\/#primaryimage\"},\"image\":{\"@id\":\"https:\\\/\\\/www.entreculturas.org\\\/en\\\/jorge-santafe-maibach-foundation\\\/#primaryimage\"},\"thumbnailUrl\":\"https:\\\/\\\/www.entreculturas.org\\\/wp-content\\\/uploads\\\/2023\\\/12\\\/banner_fundacion_jorge_santafe_1000px.jpg\",\"datePublished\":\"2023-12-01T18:08:41+00:00\",\"dateModified\":\"2024-02-22T09:46:11+00:00\",\"breadcrumb\":{\"@id\":\"https:\\\/\\\/www.entreculturas.org\\\/en\\\/jorge-santafe-maibach-foundation\\\/#breadcrumb\"},\"inLanguage\":\"en-US\",\"potentialAction\":[{\"@type\":\"ReadAction\",\"target\":[\"https:\\\/\\\/www.entreculturas.org\\\/en\\\/jorge-santafe-maibach-foundation\\\/\"]}]},{\"@type\":\"ImageObject\",\"inLanguage\":\"en-US\",\"@id\":\"https:\\\/\\\/www.entreculturas.org\\\/en\\\/jorge-santafe-maibach-foundation\\\/#primaryimage\",\"url\":\"https:\\\/\\\/www.entreculturas.org\\\/wp-content\\\/uploads\\\/2023\\\/12\\\/banner_fundacion_jorge_santafe_1000px.jpg\",\"contentUrl\":\"https:\\\/\\\/www.entreculturas.org\\\/wp-content\\\/uploads\\\/2023\\\/12\\\/banner_fundacion_jorge_santafe_1000px.jpg\"},{\"@type\":\"BreadcrumbList\",\"@id\":\"https:\\\/\\\/www.entreculturas.org\\\/en\\\/jorge-santafe-maibach-foundation\\\/#breadcrumb\",\"itemListElement\":[{\"@type\":\"ListItem\",\"position\":1,\"name\":\"Home\",\"item\":\"https:\\\/\\\/www.entreculturas.org\\\/en\\\/\"},{\"@type\":\"ListItem\",\"position\":2,\"name\":\"Jorge Santaf\u00e9 Maibach Foundation\"}]},{\"@type\":\"WebSite\",\"@id\":\"https:\\\/\\\/www.entreculturas.org\\\/en\\\/#website\",\"url\":\"https:\\\/\\\/www.entreculturas.org\\\/en\\\/\",\"name\":\"Entreculturas\",\"description\":\"\",\"publisher\":{\"@id\":\"https:\\\/\\\/www.entreculturas.org\\\/en\\\/#organization\"},\"alternateName\":\"Entreculturas\",\"potentialAction\":[{\"@type\":\"SearchAction\",\"target\":{\"@type\":\"EntryPoint\",\"urlTemplate\":\"https:\\\/\\\/www.entreculturas.org\\\/en\\\/?s={search_term_string}\"},\"query-input\":{\"@type\":\"PropertyValueSpecification\",\"valueRequired\":true,\"valueName\":\"search_term_string\"}}],\"inLanguage\":\"en-US\"},{\"@type\":\"Organization\",\"@id\":\"https:\\\/\\\/www.entreculturas.org\\\/en\\\/#organization\",\"name\":\"Entreculturas\",\"url\":\"https:\\\/\\\/www.entreculturas.org\\\/en\\\/\",\"logo\":{\"@type\":\"ImageObject\",\"inLanguage\":\"en-US\",\"@id\":\"https:\\\/\\\/www.entreculturas.org\\\/en\\\/#\\\/schema\\\/logo\\\/image\\\/\",\"url\":\"https:\\\/\\\/www.entreculturas.org\\\/wp-content\\\/uploads\\\/2025\\\/10\\\/ESP.svg\",\"contentUrl\":\"https:\\\/\\\/www.entreculturas.org\\\/wp-content\\\/uploads\\\/2025\\\/10\\\/ESP.svg\",\"caption\":\"Entreculturas\"},\"image\":{\"@id\":\"https:\\\/\\\/www.entreculturas.org\\\/en\\\/#\\\/schema\\\/logo\\\/image\\\/\"},\"sameAs\":[\"https:\\\/\\\/www.facebook.com\\\/entreculturas\",\"https:\\\/\\\/x.com\\\/Entreculturas\",\"https:\\\/\\\/www.instagram.com\\\/entreculturas\\\/\",\"https:\\\/\\\/www.youtube.com\\\/user\\\/entreculturasvideo\",\"https:\\\/\\\/www.linkedin.com\\\/company\\\/fundacion-entreculturas-ngdo\\\/\",\"https:\\\/\\\/www.flickr.com\\\/photos\\\/98455522@N04\\\/albums\\\/\"]}]}<\/script>\n<!-- \/ Yoast SEO Premium plugin. -->","yoast_head_json":{"title":"Jorge Santaf\u00e9 Maibach Foundation - Entreculturas","robots":{"index":"index","follow":"follow","max-snippet":"max-snippet:-1","max-image-preview":"max-image-preview:large","max-video-preview":"max-video-preview:-1"},"canonical":"https:\/\/www.entreculturas.org\/en\/jorge-santafe-maibach-foundation\/","og_locale":"en_US","og_type":"article","og_title":"Jorge Santaf\u00e9 Maibach Foundation","og_description":"The The Jorge Santaf\u00e9 Maibach Foundation was created on June 27, 2002 with the desire to maintain the presence and memory of Jorge Santaf\u00e9 in the lives of his family and friends. The Foundation&#8217;s social purpose is to support the construction of schools to help the most disadvantaged people escape poverty, as well as other projects with the same purpose. Since 2020, the Santaf\u00e9 Maibach Foundation has been collaborating with Entreculturas on construction projects of various kinds. So far, this collaboration has been directed to projects in Chad and Malawi: In Chad, with Fe y Alegr\u00eda ChadIn addition, support was provided to improve technical training for the vulnerable population at the N&#8217;Djamena Technical and Vocational Training Center (CFTP) by building a second floor that houses two classrooms, a computer room, three offices for teachers and administrative personnel, and three toilets. In Malawi, we worked together with JRS, the Jesuit Refugee [&hellip;]","og_url":"https:\/\/www.entreculturas.org\/en\/jorge-santafe-maibach-foundation\/","og_site_name":"Entreculturas","article_publisher":"https:\/\/www.facebook.com\/entreculturas","article_modified_time":"2024-02-22T09:46:11+00:00","og_image":[{"url":"https:\/\/www.entreculturas.org\/wp-content\/uploads\/2023\/12\/banner_fundacion_jorge_santafe_1000px.jpg","type":"","width":"","height":""}],"twitter_card":"summary_large_image","twitter_site":"@Entreculturas","schema":{"@context":"https:\/\/schema.org","@graph":[{"@type":"WebPage","@id":"https:\/\/www.entreculturas.org\/en\/jorge-santafe-maibach-foundation\/","url":"https:\/\/www.entreculturas.org\/en\/jorge-santafe-maibach-foundation\/","name":"Jorge Santaf\u00e9 Maibach Foundation - Entreculturas","isPartOf":{"@id":"https:\/\/www.entreculturas.org\/en\/#website"},"primaryImageOfPage":{"@id":"https:\/\/www.entreculturas.org\/en\/jorge-santafe-maibach-foundation\/#primaryimage"},"image":{"@id":"https:\/\/www.entreculturas.org\/en\/jorge-santafe-maibach-foundation\/#primaryimage"},"thumbnailUrl":"https:\/\/www.entreculturas.org\/wp-content\/uploads\/2023\/12\/banner_fundacion_jorge_santafe_1000px.jpg","datePublished":"2023-12-01T18:08:41+00:00","dateModified":"2024-02-22T09:46:11+00:00","breadcrumb":{"@id":"https:\/\/www.entreculturas.org\/en\/jorge-santafe-maibach-foundation\/#breadcrumb"},"inLanguage":"en-US","potentialAction":[{"@type":"ReadAction","target":["https:\/\/www.entreculturas.org\/en\/jorge-santafe-maibach-foundation\/"]}]},{"@type":"ImageObject","inLanguage":"en-US","@id":"https:\/\/www.entreculturas.org\/en\/jorge-santafe-maibach-foundation\/#primaryimage","url":"https:\/\/www.entreculturas.org\/wp-content\/uploads\/2023\/12\/banner_fundacion_jorge_santafe_1000px.jpg","contentUrl":"https:\/\/www.entreculturas.org\/wp-content\/uploads\/2023\/12\/banner_fundacion_jorge_santafe_1000px.jpg"},{"@type":"BreadcrumbList","@id":"https:\/\/www.entreculturas.org\/en\/jorge-santafe-maibach-foundation\/#breadcrumb","itemListElement":[{"@type":"ListItem","position":1,"name":"Home","item":"https:\/\/www.entreculturas.org\/en\/"},{"@type":"ListItem","position":2,"name":"Jorge Santaf\u00e9 Maibach Foundation"}]},{"@type":"WebSite","@id":"https:\/\/www.entreculturas.org\/en\/#website","url":"https:\/\/www.entreculturas.org\/en\/","name":"Entreculturas","description":"","publisher":{"@id":"https:\/\/www.entreculturas.org\/en\/#organization"},"alternateName":"Entreculturas","potentialAction":[{"@type":"SearchAction","target":{"@type":"EntryPoint","urlTemplate":"https:\/\/www.entreculturas.org\/en\/?s={search_term_string}"},"query-input":{"@type":"PropertyValueSpecification","valueRequired":true,"valueName":"search_term_string"}}],"inLanguage":"en-US"},{"@type":"Organization","@id":"https:\/\/www.entreculturas.org\/en\/#organization","name":"Entreculturas","url":"https:\/\/www.entreculturas.org\/en\/","logo":{"@type":"ImageObject","inLanguage":"en-US","@id":"https:\/\/www.entreculturas.org\/en\/#\/schema\/logo\/image\/","url":"https:\/\/www.entreculturas.org\/wp-content\/uploads\/2025\/10\/ESP.svg","contentUrl":"https:\/\/www.entreculturas.org\/wp-content\/uploads\/2025\/10\/ESP.svg","caption":"Entreculturas"},"image":{"@id":"https:\/\/www.entreculturas.org\/en\/#\/schema\/logo\/image\/"},"sameAs":["https:\/\/www.facebook.com\/entreculturas","https:\/\/x.com\/Entreculturas","https:\/\/www.instagram.com\/entreculturas\/","https:\/\/www.youtube.com\/user\/entreculturasvideo","https:\/\/www.linkedin.com\/company\/fundacion-entreculturas-ngdo\/","https:\/\/www.flickr.com\/photos\/98455522@N04\/albums\/"]}]}},"_links":{"self":[{"href":"https:\/\/www.entreculturas.org\/en\/wp-json\/wp\/v2\/pages\/21117","targetHints":{"allow":["GET"]}}],"collection":[{"href":"https:\/\/www.entreculturas.org\/en\/wp-json\/wp\/v2\/pages"}],"about":[{"href":"https:\/\/www.entreculturas.org\/en\/wp-json\/wp\/v2\/types\/page"}],"author":[{"embeddable":true,"href":"https:\/\/www.entreculturas.org\/en\/wp-json\/wp\/v2\/users\/1"}],"replies":[{"embeddable":true,"href":"https:\/\/www.entreculturas.org\/en\/wp-json\/wp\/v2\/comments?post=21117"}],"version-history":[{"count":1,"href":"https:\/\/www.entreculturas.org\/en\/wp-json\/wp\/v2\/pages\/21117\/revisions"}],"predecessor-version":[{"id":21118,"href":"https:\/\/www.entreculturas.org\/en\/wp-json\/wp\/v2\/pages\/21117\/revisions\/21118"}],"wp:attachment":[{"href":"https:\/\/www.entreculturas.org\/en\/wp-json\/wp\/v2\/media?parent=21117"}],"curies":[{"name":"wp","href":"https:\/\/api.w.org\/{rel}","templated":true}]}}