{"id":21239,"date":"2024-02-14T14:19:14","date_gmt":"2024-02-14T13:19:14","guid":{"rendered":"https:\/\/www.entreculturas.org\/21239-2\/"},"modified":"2025-01-02T11:37:25","modified_gmt":"2025-01-02T10:37:25","slug":"21239-2","status":"publish","type":"page","link":"https:\/\/www.entreculturas.org\/ca\/21239-2\/","title":{"rendered":""},"content":{"rendered":"\n<h2 class=\"wp-block-heading has-text-align-center font-size-20\" id=\"h-explica-ns-com-et-podem-ajudar\" style=\"padding-right:var(--wp--preset--spacing--70);padding-left:var(--wp--preset--spacing--70)\">Explica&#8217;ns com et podem ajudar<\/h2>\n\n\n\n<div class=\"wp-block-group block-contacto has-white-background-color has-background is-nowrap is-layout-flex wp-container-core-group-is-layout-e3f21f20 wp-block-group-is-layout-flex\" style=\"border-radius:15px;margin-top:0;padding-top:var(--wp--preset--spacing--60);padding-right:var(--wp--preset--spacing--70);padding-bottom:var(--wp--preset--spacing--70);padding-left:var(--wp--preset--spacing--70)\">\n<figure class=\"wp-block-image size-full has-custom-border wp-container-content-b99e70a5 block-visibility-hide-medium-screen block-visibility-hide-small-screen\"><img decoding=\"async\" width=\"1280\" height=\"853\" src=\"https:\/\/www.entreculturas.org\/wp-content\/uploads\/2023\/12\/IMG_0768.jpg\" alt=\"\" class=\"wp-image-11432\" style=\"border-radius:12px\" srcset=\"https:\/\/www.entreculturas.org\/wp-content\/uploads\/2023\/12\/IMG_0768.jpg 1280w, https:\/\/www.entreculturas.org\/wp-content\/uploads\/2023\/12\/IMG_0768-300x200.jpg 300w, https:\/\/www.entreculturas.org\/wp-content\/uploads\/2023\/12\/IMG_0768-1024x682.jpg 1024w, https:\/\/www.entreculturas.org\/wp-content\/uploads\/2023\/12\/IMG_0768-768x512.jpg 768w\" sizes=\"(max-width: 1280px) 100vw, 1280px\" \/><\/figure>\n\n\n\n<form style=\"padding-top:0;padding-right:0;padding-bottom:0;padding-left:0\" class=\"wp-block-theme-blocks-custom-form wp-container-content-a5fc19f1\" id=\"custom_form\" action=\"\/wp-admin\/admin-post.php?action=custom_form\" method=\"post\"><input type=\"hidden\" name=\"g-recaptcha-response\" id=\"g-recaptcha-response\" value=\"\"\/><input type=\"hidden\" name=\"thanks_page\" value=\"\/thank-you-page\/\"\/><input type=\"hidden\" name=\"admin_email\" value=\"colaboradores@entreculturas.org\"\/>\n<p>Explica&#8217;ns Com et podem ajudar? Nom\u00e9s cal que us poseu en contacte amb nosaltres a trav\u00e9s d&#8217;aquest formulari:<\/p>\n\n\n\n<div class=\"input-container\"><label>Nom<\/label><input type=\"text\" name=\"first_name\" required\/><\/div>\n\n\n\n<div class=\"input-container\"><label>Cognoms<\/label><input type=\"text\" name=\"apellidos\" required\/><\/div>\n\n\n\n<div class=\"input-container\"><label>Correu electr\u00f2nic<\/label><input type=\"email\" name=\"email\" required\/><\/div>\n\n\n\n<div class=\"input-container\"><label>Tel\u00e8fon (Opcional)<\/label><input type=\"tel\" name=\"phone\" pattern=\"[0-9]{9}\"\/><\/div>\n\n\n\n<label class=\"acceptance\"><input type=\"checkbox\" required\/><span>Accepto la <a href=\"https:\/\/www.entreculturas.org\/ca\/politica-de-privadesa\/\">Pol\u00edtica de Privadesa<\/a> *<\/span><\/label>\n\n\n\n<p style=\"font-size:12px !important\">\n  Vull rebre informaci\u00f3 sobre les campanyes d&#8217;ENTRECULTURES FE I ALEGRIA ESPANYA i formes de participaci\u00f3. En signar, accepto la pol\u00edtica de privadesa.\n    <a href=\"javascript:void(0);\" id=\"read-more-link\">Seguir llegint<\/a> .\n<\/p>\n\n<p class=\"hidden\" id=\"read-more\" style=\"display: none;font-size: 12px;\">\n  Des d&#8217;ENTRECULTURES FE I ALEGRIA ESPANYA tractarem les dades aportades en qualitat de Responsable del tractament amb la finalitat de gestionar la nostra relaci\u00f3 amb tu, en pro dels nostres objectius fundacionals, sobre la base del consentiment o l&#8217;execuci\u00f3 d&#8217;un acord. Pots exercir els teus drets enviant un correu electr\u00f2nic a <a href=\"mailto:rgpd@entreculturas.org\">rgpd@entreculturas.org<\/a> amb l&#8217;assumpte \u201cProtecci\u00f3 de Dades\u201d.\n<\/p>\n\n\n\n<script>document.addEventListener('DOMContentLoaded', function() {\n    document.getElementById('read-more-link').addEventListener('click', function() {\n        var readMoreContent = document.getElementById('read-more');\n        readMoreContent.style.display = 'block !important'; \/\/ Intenta sobrescribir con !important\n\n        \/\/ Si el m\u00e9todo anterior no funciona, utiliza setAttribute\n        if (readMoreContent.style.display !== 'block') {\n            readMoreContent.setAttribute('style', 'display: block !important; font-size: 12px;');\n        } else {\n            \/\/ Si ya est\u00e1 en 'block', solo ajusta el tama\u00f1o de fuente\n            readMoreContent.style.fontSize = '12px';\n        }\n\n        this.style.display = 'none'; \/\/ Opcional: oculta el enlace de \"Seguir leyendo\"\n    });\n});\n<\/script>\n\n\n\n<div class=\"wp-block-group width-70-contacto justify-center-768 is-content-justification-right is-nowrap is-layout-flex wp-container-core-group-is-layout-17124a9a wp-block-group-is-layout-flex\">\n<button class=\"wp-block-button__link wp-element-button\">ENVIAR<\/button>\n<\/div>\n<\/form>\n<\/div>\n\n\n\n<form class=\"wp-block-theme-blocks-custom-form\" id=\"custom_form\" action=\"\/wp-admin\/admin-post.php?action=custom_form\" method=\"post\"><input type=\"hidden\" name=\"g-recaptcha-response\" id=\"g-recaptcha-response\" value=\"\"\/><\/form>\n","protected":false},"excerpt":{"rendered":"<p>Explica&#8217;ns com et podem ajudar<\/p>\n","protected":false},"author":3,"featured_media":0,"parent":0,"menu_order":0,"comment_status":"closed","ping_status":"closed","template":"","meta":{"_acf_changed":false,"footnotes":""},"class_list":["post-21239","page","type-page","status-publish","hentry"],"acf":[],"yoast_head":"<!-- This site is optimized with the Yoast SEO Premium plugin v21.6 (Yoast SEO v27.4) - https:\/\/yoast.com\/product\/yoast-seo-premium-wordpress\/ -->\n<title>-<\/title>\n<meta name=\"robots\" content=\"index, follow, max-snippet:-1, max-image-preview:large, max-video-preview:-1\" \/>\n<link rel=\"canonical\" href=\"https:\/\/www.entreculturas.org\/ca\/21239-2\/\" \/>\n<meta property=\"og:locale\" content=\"ca_ES\" \/>\n<meta property=\"og:type\" content=\"article\" \/>\n<meta property=\"og:description\" content=\"Explica&#8217;ns com et podem ajudar\" \/>\n<meta property=\"og:url\" content=\"https:\/\/www.entreculturas.org\/ca\/21239-2\/\" \/>\n<meta property=\"article:publisher\" content=\"https:\/\/www.facebook.com\/entreculturas\" \/>\n<meta property=\"article:modified_time\" content=\"2025-01-02T10:37:25+00:00\" \/>\n<meta property=\"og:image\" content=\"https:\/\/www.entreculturas.org\/wp-content\/uploads\/2023\/12\/IMG_0768.jpg\" \/>\n<meta name=\"twitter:card\" content=\"summary_large_image\" \/>\n<meta name=\"twitter:site\" content=\"@Entreculturas\" \/>\n<script type=\"application\/ld+json\" class=\"yoast-schema-graph\">{\"@context\":\"https:\\\/\\\/schema.org\",\"@graph\":[{\"@type\":\"WebPage\",\"@id\":\"https:\\\/\\\/www.entreculturas.org\\\/ca\\\/21239-2\\\/\",\"url\":\"https:\\\/\\\/www.entreculturas.org\\\/ca\\\/21239-2\\\/\",\"name\":\"-\",\"isPartOf\":{\"@id\":\"https:\\\/\\\/www.entreculturas.org\\\/ca\\\/#website\"},\"primaryImageOfPage\":{\"@id\":\"https:\\\/\\\/www.entreculturas.org\\\/ca\\\/21239-2\\\/#primaryimage\"},\"image\":{\"@id\":\"https:\\\/\\\/www.entreculturas.org\\\/ca\\\/21239-2\\\/#primaryimage\"},\"thumbnailUrl\":\"https:\\\/\\\/www.entreculturas.org\\\/wp-content\\\/uploads\\\/2023\\\/12\\\/IMG_0768.jpg\",\"datePublished\":\"2024-02-14T13:19:14+00:00\",\"dateModified\":\"2025-01-02T10:37:25+00:00\",\"inLanguage\":\"ca\",\"potentialAction\":[{\"@type\":\"ReadAction\",\"target\":[\"https:\\\/\\\/www.entreculturas.org\\\/ca\\\/21239-2\\\/\"]}]},{\"@type\":\"ImageObject\",\"inLanguage\":\"ca\",\"@id\":\"https:\\\/\\\/www.entreculturas.org\\\/ca\\\/21239-2\\\/#primaryimage\",\"url\":\"https:\\\/\\\/www.entreculturas.org\\\/wp-content\\\/uploads\\\/2023\\\/12\\\/IMG_0768.jpg\",\"contentUrl\":\"https:\\\/\\\/www.entreculturas.org\\\/wp-content\\\/uploads\\\/2023\\\/12\\\/IMG_0768.jpg\"},{\"@type\":\"WebSite\",\"@id\":\"https:\\\/\\\/www.entreculturas.org\\\/ca\\\/#website\",\"url\":\"https:\\\/\\\/www.entreculturas.org\\\/ca\\\/\",\"name\":\"Entreculturas\",\"description\":\"\",\"publisher\":{\"@id\":\"https:\\\/\\\/www.entreculturas.org\\\/ca\\\/#organization\"},\"potentialAction\":[{\"@type\":\"SearchAction\",\"target\":{\"@type\":\"EntryPoint\",\"urlTemplate\":\"https:\\\/\\\/www.entreculturas.org\\\/ca\\\/?s={search_term_string}\"},\"query-input\":{\"@type\":\"PropertyValueSpecification\",\"valueRequired\":true,\"valueName\":\"search_term_string\"}}],\"inLanguage\":\"ca\"},{\"@type\":\"Organization\",\"@id\":\"https:\\\/\\\/www.entreculturas.org\\\/ca\\\/#organization\",\"name\":\"Entreculturas\",\"url\":\"https:\\\/\\\/www.entreculturas.org\\\/ca\\\/\",\"logo\":{\"@type\":\"ImageObject\",\"inLanguage\":\"ca\",\"@id\":\"https:\\\/\\\/www.entreculturas.org\\\/ca\\\/#\\\/schema\\\/logo\\\/image\\\/\",\"url\":\"https:\\\/\\\/www.entreculturas.org\\\/wp-content\\\/uploads\\\/2025\\\/10\\\/ESP.svg\",\"contentUrl\":\"https:\\\/\\\/www.entreculturas.org\\\/wp-content\\\/uploads\\\/2025\\\/10\\\/ESP.svg\",\"caption\":\"Entreculturas\"},\"image\":{\"@id\":\"https:\\\/\\\/www.entreculturas.org\\\/ca\\\/#\\\/schema\\\/logo\\\/image\\\/\"},\"sameAs\":[\"https:\\\/\\\/www.facebook.com\\\/entreculturas\",\"https:\\\/\\\/x.com\\\/Entreculturas\",\"https:\\\/\\\/www.instagram.com\\\/entreculturas\\\/\",\"https:\\\/\\\/www.youtube.com\\\/user\\\/entreculturasvideo\",\"https:\\\/\\\/www.linkedin.com\\\/company\\\/fundacion-entreculturas-ngdo\\\/\",\"https:\\\/\\\/www.flickr.com\\\/photos\\\/98455522@N04\\\/albums\\\/\"]}]}<\/script>\n<!-- \/ Yoast SEO Premium plugin. -->","yoast_head_json":{"title":"-","robots":{"index":"index","follow":"follow","max-snippet":"max-snippet:-1","max-image-preview":"max-image-preview:large","max-video-preview":"max-video-preview:-1"},"canonical":"https:\/\/www.entreculturas.org\/ca\/21239-2\/","og_locale":"ca_ES","og_type":"article","og_description":"Explica&#8217;ns com et podem ajudar","og_url":"https:\/\/www.entreculturas.org\/ca\/21239-2\/","article_publisher":"https:\/\/www.facebook.com\/entreculturas","article_modified_time":"2025-01-02T10:37:25+00:00","og_image":[{"url":"https:\/\/www.entreculturas.org\/wp-content\/uploads\/2023\/12\/IMG_0768.jpg","type":"","width":"","height":""}],"twitter_card":"summary_large_image","twitter_site":"@Entreculturas","schema":{"@context":"https:\/\/schema.org","@graph":[{"@type":"WebPage","@id":"https:\/\/www.entreculturas.org\/ca\/21239-2\/","url":"https:\/\/www.entreculturas.org\/ca\/21239-2\/","name":"-","isPartOf":{"@id":"https:\/\/www.entreculturas.org\/ca\/#website"},"primaryImageOfPage":{"@id":"https:\/\/www.entreculturas.org\/ca\/21239-2\/#primaryimage"},"image":{"@id":"https:\/\/www.entreculturas.org\/ca\/21239-2\/#primaryimage"},"thumbnailUrl":"https:\/\/www.entreculturas.org\/wp-content\/uploads\/2023\/12\/IMG_0768.jpg","datePublished":"2024-02-14T13:19:14+00:00","dateModified":"2025-01-02T10:37:25+00:00","inLanguage":"ca","potentialAction":[{"@type":"ReadAction","target":["https:\/\/www.entreculturas.org\/ca\/21239-2\/"]}]},{"@type":"ImageObject","inLanguage":"ca","@id":"https:\/\/www.entreculturas.org\/ca\/21239-2\/#primaryimage","url":"https:\/\/www.entreculturas.org\/wp-content\/uploads\/2023\/12\/IMG_0768.jpg","contentUrl":"https:\/\/www.entreculturas.org\/wp-content\/uploads\/2023\/12\/IMG_0768.jpg"},{"@type":"WebSite","@id":"https:\/\/www.entreculturas.org\/ca\/#website","url":"https:\/\/www.entreculturas.org\/ca\/","name":"Entreculturas","description":"","publisher":{"@id":"https:\/\/www.entreculturas.org\/ca\/#organization"},"potentialAction":[{"@type":"SearchAction","target":{"@type":"EntryPoint","urlTemplate":"https:\/\/www.entreculturas.org\/ca\/?s={search_term_string}"},"query-input":{"@type":"PropertyValueSpecification","valueRequired":true,"valueName":"search_term_string"}}],"inLanguage":"ca"},{"@type":"Organization","@id":"https:\/\/www.entreculturas.org\/ca\/#organization","name":"Entreculturas","url":"https:\/\/www.entreculturas.org\/ca\/","logo":{"@type":"ImageObject","inLanguage":"ca","@id":"https:\/\/www.entreculturas.org\/ca\/#\/schema\/logo\/image\/","url":"https:\/\/www.entreculturas.org\/wp-content\/uploads\/2025\/10\/ESP.svg","contentUrl":"https:\/\/www.entreculturas.org\/wp-content\/uploads\/2025\/10\/ESP.svg","caption":"Entreculturas"},"image":{"@id":"https:\/\/www.entreculturas.org\/ca\/#\/schema\/logo\/image\/"},"sameAs":["https:\/\/www.facebook.com\/entreculturas","https:\/\/x.com\/Entreculturas","https:\/\/www.instagram.com\/entreculturas\/","https:\/\/www.youtube.com\/user\/entreculturasvideo","https:\/\/www.linkedin.com\/company\/fundacion-entreculturas-ngdo\/","https:\/\/www.flickr.com\/photos\/98455522@N04\/albums\/"]}]}},"_links":{"self":[{"href":"https:\/\/www.entreculturas.org\/ca\/wp-json\/wp\/v2\/pages\/21239","targetHints":{"allow":["GET"]}}],"collection":[{"href":"https:\/\/www.entreculturas.org\/ca\/wp-json\/wp\/v2\/pages"}],"about":[{"href":"https:\/\/www.entreculturas.org\/ca\/wp-json\/wp\/v2\/types\/page"}],"author":[{"embeddable":true,"href":"https:\/\/www.entreculturas.org\/ca\/wp-json\/wp\/v2\/users\/3"}],"replies":[{"embeddable":true,"href":"https:\/\/www.entreculturas.org\/ca\/wp-json\/wp\/v2\/comments?post=21239"}],"version-history":[{"count":4,"href":"https:\/\/www.entreculturas.org\/ca\/wp-json\/wp\/v2\/pages\/21239\/revisions"}],"predecessor-version":[{"id":36764,"href":"https:\/\/www.entreculturas.org\/ca\/wp-json\/wp\/v2\/pages\/21239\/revisions\/36764"}],"wp:attachment":[{"href":"https:\/\/www.entreculturas.org\/ca\/wp-json\/wp\/v2\/media?parent=21239"}],"curies":[{"name":"wp","href":"https:\/\/api.w.org\/{rel}","templated":true}]}}